{"id":94,"date":"2020-01-09T13:41:21","date_gmt":"2020-01-09T13:41:21","guid":{"rendered":"https:\/\/travivre.ybm.eu\/?page_id=94"},"modified":"2020-05-29T11:52:16","modified_gmt":"2020-05-29T11:52:16","slug":"camper","status":"publish","type":"page","link":"https:\/\/suv4me.de\/index.php\/camper\/","title":{"rendered":"SUV Infos"},"content":{"rendered":"\t\t<div data-elementor-type=\"wp-page\" data-elementor-id=\"94\" class=\"elementor elementor-94\" data-elementor-post-type=\"page\">\n\t\t\t\t\t\t<section class=\"elementor-section elementor-top-section elementor-element elementor-element-49428b9 elementor-section-boxed elementor-section-height-default elementor-section-height-default\" data-id=\"49428b9\" data-element_type=\"section\" data-e-type=\"section\" data-settings=\"{&quot;background_background&quot;:&quot;classic&quot;,&quot;shape_divider_bottom&quot;:&quot;triangle&quot;}\">\n\t\t\t\t\t<div class=\"elementor-shape elementor-shape-bottom\" aria-hidden=\"true\" data-negative=\"false\">\n\t\t\t<svg xmlns=\"http:\/\/www.w3.org\/2000\/svg\" viewBox=\"0 0 1000 100\" preserveAspectRatio=\"none\">\n\t<path class=\"elementor-shape-fill\" d=\"M500,98.9L0,6.1V0h1000v6.1L500,98.9z\"\/>\n<\/svg>\t\t<\/div>\n\t\t\t\t\t<div class=\"elementor-container elementor-column-gap-default\">\n\t\t\t\t\t<div class=\"elementor-column elementor-col-100 elementor-top-column elementor-element elementor-element-65c6960\" data-id=\"65c6960\" data-element_type=\"column\" data-e-type=\"column\">\n\t\t\t<div class=\"elementor-widget-wrap elementor-element-populated\">\n\t\t\t\t\t\t<div class=\"elementor-element elementor-element-0b2082c elementor-widget elementor-widget-heading\" data-id=\"0b2082c\" data-element_type=\"widget\" data-e-type=\"widget\" data-widget_type=\"heading.default\">\n\t\t\t\t<div class=\"elementor-widget-container\">\n\t\t\t\t\t<h1 class=\"elementor-heading-title elementor-size-default\"><strong>SUV<\/strong> Informationen<\/h1>\t\t\t\t<\/div>\n\t\t\t\t<\/div>\n\t\t\t\t\t<\/div>\n\t\t<\/div>\n\t\t\t\t\t<\/div>\n\t\t<\/section>\n\t\t\t\t<section class=\"elementor-section elementor-top-section elementor-element elementor-element-14c1d8e elementor-section-boxed elementor-section-height-default elementor-section-height-default\" data-id=\"14c1d8e\" data-element_type=\"section\" data-e-type=\"section\" data-settings=\"{&quot;background_background&quot;:&quot;classic&quot;}\">\n\t\t\t\t\t\t<div class=\"elementor-container elementor-column-gap-default\">\n\t\t\t\t\t<div class=\"elementor-column elementor-col-100 elementor-top-column elementor-element elementor-element-da57c72\" data-id=\"da57c72\" data-element_type=\"column\" data-e-type=\"column\">\n\t\t\t<div class=\"elementor-widget-wrap elementor-element-populated\">\n\t\t\t\t\t\t<div class=\"elementor-element elementor-element-bf32fa7 elementor-widget elementor-widget-heading\" data-id=\"bf32fa7\" data-element_type=\"widget\" data-e-type=\"widget\" data-widget_type=\"heading.default\">\n\t\t\t\t<div class=\"elementor-widget-container\">\n\t\t\t\t\t<h2 class=\"elementor-heading-title elementor-size-default\"><strong>Informationen<\/strong> \u00fcber die <strong>Fahrzeuggruppe der SUV's<\/strong><\/h2>\t\t\t\t<\/div>\n\t\t\t\t<\/div>\n\t\t\t\t<div class=\"elementor-element elementor-element-c3efd2f elementor-widget-divider--view-line elementor-widget elementor-widget-divider\" data-id=\"c3efd2f\" data-element_type=\"widget\" data-e-type=\"widget\" data-widget_type=\"divider.default\">\n\t\t\t\t<div class=\"elementor-widget-container\">\n\t\t\t\t\t\t\t<div class=\"elementor-divider\">\n\t\t\t<span class=\"elementor-divider-separator\">\n\t\t\t\t\t\t<\/span>\n\t\t<\/div>\n\t\t\t\t\t\t<\/div>\n\t\t\t\t<\/div>\n\t\t\t\t<div class=\"elementor-element elementor-element-ff461f4 elementor-widget elementor-widget-text-editor\" data-id=\"ff461f4\" data-element_type=\"widget\" data-e-type=\"widget\" data-widget_type=\"text-editor.default\">\n\t\t\t\t<div class=\"elementor-widget-container\">\n\t\t\t\t\t\t\t\t\t<p>In den letzten Jahren, sind die Verk\u00e4ufe der Autobauer f\u00fcr die Fahrzeuggruppe SUV stark angestiegen. Die Fahrzeuge sind durch ihre Vielseitigkeit sehr beliebt. Sie bieten viel Platz und sind optimal f\u00fcr Stadt und auch Land. <\/p>\t\t\t\t\t\t\t\t<\/div>\n\t\t\t\t<\/div>\n\t\t\t\t\t<\/div>\n\t\t<\/div>\n\t\t\t\t\t<\/div>\n\t\t<\/section>\n\t\t\t\t<section class=\"elementor-section elementor-top-section elementor-element elementor-element-d089da1 elementor-section-boxed elementor-section-height-default elementor-section-height-default\" data-id=\"d089da1\" data-element_type=\"section\" data-e-type=\"section\">\n\t\t\t\t\t\t<div class=\"elementor-container elementor-column-gap-default\">\n\t\t\t\t\t<div class=\"elementor-column elementor-col-33 elementor-top-column elementor-element elementor-element-016b238\" data-id=\"016b238\" data-element_type=\"column\" data-e-type=\"column\">\n\t\t\t<div class=\"elementor-widget-wrap elementor-element-populated\">\n\t\t\t\t\t\t<div class=\"elementor-element elementor-element-3b31006 elementor-cta--skin-cover elementor-animated-content elementor-bg-transform elementor-bg-transform-zoom-in elementor-widget elementor-widget-call-to-action\" data-id=\"3b31006\" data-element_type=\"widget\" data-e-type=\"widget\" data-widget_type=\"call-to-action.default\">\n\t\t\t\t<div class=\"elementor-widget-container\">\n\t\t\t\t\t\t\t<div class=\"elementor-cta\">\n\t\t\t\t\t<div class=\"elementor-cta__bg-wrapper\">\n\t\t\t\t<div class=\"elementor-cta__bg elementor-bg\" style=\"background-image: url(https:\/\/suv4me.de\/wp-content\/uploads\/2020\/04\/Mittlerer-Schwierigkeitsgrad-einer-Offroad-Tour-mit-SUV-Touren.jpg);\" role=\"img\" aria-label=\"Mittlerer-Schwierigkeitsgrad-einer-Offroad-Tour-mit-SUV-Touren\"><\/div>\n\t\t\t\t<div class=\"elementor-cta__bg-overlay\"><\/div>\n\t\t\t<\/div>\n\t\t\t\t\t\t\t<div class=\"elementor-cta__content\">\n\t\t\t\t\n\t\t\t\t\t\t\t\t\t<div class=\"elementor-cta__title elementor-cta__content-item elementor-content-item elementor-animated-item--grow\">\n\t\t\t\t\t\t<strong>Schwierigkeitsgrade<\/strong>\t\t\t\t\t<\/div>\n\t\t\t\t\n\t\t\t\t\t\t\t\t\t<div class=\"elementor-cta__description elementor-cta__content-item elementor-content-item elementor-animated-item--grow\">\n\t\t\t\t\t\tErfahren sie hier mehr \u00fcber die Schwierigkeitsgrade der Touren\t\t\t\t\t<\/div>\n\t\t\t\t\n\t\t\t\t\t\t\t\t\t<div class=\"elementor-cta__button-wrapper elementor-cta__content-item elementor-content-item elementor-animated-item--grow\">\n\t\t\t\t\t<a class=\"elementor-cta__button elementor-button elementor-size-\" href=\"https:\/\/suv4me.de\/index.php\/schwierigkeitsgrade\/\">\n\t\t\t\t\t\tHier klicken\t\t\t\t\t<\/a>\n\t\t\t\t\t<\/div>\n\t\t\t\t\t\t\t<\/div>\n\t\t\t\t\t\t<\/div>\n\t\t\t\t\t\t<\/div>\n\t\t\t\t<\/div>\n\t\t\t\t\t<\/div>\n\t\t<\/div>\n\t\t\t\t<div class=\"elementor-column elementor-col-33 elementor-top-column elementor-element elementor-element-210cc9f\" data-id=\"210cc9f\" data-element_type=\"column\" data-e-type=\"column\">\n\t\t\t<div class=\"elementor-widget-wrap elementor-element-populated\">\n\t\t\t\t\t\t<div class=\"elementor-element elementor-element-f08c4d0 elementor-cta--skin-cover elementor-animated-content elementor-bg-transform elementor-bg-transform-zoom-in elementor-widget elementor-widget-call-to-action\" data-id=\"f08c4d0\" data-element_type=\"widget\" data-e-type=\"widget\" data-widget_type=\"call-to-action.default\">\n\t\t\t\t<div class=\"elementor-widget-container\">\n\t\t\t\t\t\t\t<div class=\"elementor-cta\">\n\t\t\t\t\t<div class=\"elementor-cta__bg-wrapper\">\n\t\t\t\t<div class=\"elementor-cta__bg elementor-bg\" style=\"background-image: url(https:\/\/suv4me.de\/wp-content\/uploads\/2020\/04\/SUV-Touren-Kroatien-Istrien-Kvarner-Bucht-4-1024x768.jpg);\" role=\"img\" aria-label=\"SUV-Touren-Kroatien-Istrien-Kvarner-Bucht-4\"><\/div>\n\t\t\t\t<div class=\"elementor-cta__bg-overlay\"><\/div>\n\t\t\t<\/div>\n\t\t\t\t\t\t\t<div class=\"elementor-cta__content\">\n\t\t\t\t\n\t\t\t\t\t\t\t\t\t<div class=\"elementor-cta__title elementor-cta__content-item elementor-content-item elementor-animated-item--grow\">\n\t\t\t\t\t\t<strong>Philosophie<\/strong>\t\t\t\t\t<\/div>\n\t\t\t\t\n\t\t\t\t\t\t\t\t\t<div class=\"elementor-cta__description elementor-cta__content-item elementor-content-item elementor-animated-item--grow\">\n\t\t\t\t\t\tHier erfahren sie mehr dar\u00fcber, was wir an den SUV toll finden.\t\t\t\t\t<\/div>\n\t\t\t\t\n\t\t\t\t\t\t\t\t\t<div class=\"elementor-cta__button-wrapper elementor-cta__content-item elementor-content-item elementor-animated-item--grow\">\n\t\t\t\t\t<a class=\"elementor-cta__button elementor-button elementor-size-\">\n\t\t\t\t\t\tHier klicken\t\t\t\t\t<\/a>\n\t\t\t\t\t<\/div>\n\t\t\t\t\t\t\t<\/div>\n\t\t\t\t\t\t<\/div>\n\t\t\t\t\t\t<\/div>\n\t\t\t\t<\/div>\n\t\t\t\t\t<\/div>\n\t\t<\/div>\n\t\t\t\t<div class=\"elementor-column elementor-col-33 elementor-top-column elementor-element elementor-element-5de8eef\" data-id=\"5de8eef\" data-element_type=\"column\" data-e-type=\"column\">\n\t\t\t<div class=\"elementor-widget-wrap elementor-element-populated\">\n\t\t\t\t\t\t<div class=\"elementor-element elementor-element-9fa1d9d elementor-cta--skin-cover elementor-animated-content elementor-bg-transform elementor-bg-transform-zoom-in elementor-widget elementor-widget-call-to-action\" data-id=\"9fa1d9d\" data-element_type=\"widget\" data-e-type=\"widget\" data-widget_type=\"call-to-action.default\">\n\t\t\t\t<div class=\"elementor-widget-container\">\n\t\t\t\t\t\t\t<div class=\"elementor-cta\">\n\t\t\t\t\t<div class=\"elementor-cta__bg-wrapper\">\n\t\t\t\t<div class=\"elementor-cta__bg elementor-bg\" style=\"background-image: url(https:\/\/suv4me.de\/wp-content\/uploads\/2020\/03\/O\u0308sterreich2-1024x768.png);\" role=\"img\" aria-label=\"O\u0308sterreich2\"><\/div>\n\t\t\t\t<div class=\"elementor-cta__bg-overlay\"><\/div>\n\t\t\t<\/div>\n\t\t\t\t\t\t\t<div class=\"elementor-cta__content\">\n\t\t\t\t\n\t\t\t\t\t\t\t\t\t<div class=\"elementor-cta__title elementor-cta__content-item elementor-content-item elementor-animated-item--grow\">\n\t\t\t\t\t\t<strong>Reiseleistungen\t\t\t\t\t<\/div>\n\t\t\t\t\n\t\t\t\t\t\t\t\t\t<div class=\"elementor-cta__description elementor-cta__content-item elementor-content-item elementor-animated-item--grow\">\n\t\t\t\t\t\tHier erfahren sie mehr \u00fcber die Reiseleistungen\t\t\t\t\t<\/div>\n\t\t\t\t\n\t\t\t\t\t\t\t\t\t<div class=\"elementor-cta__button-wrapper elementor-cta__content-item elementor-content-item elementor-animated-item--grow\">\n\t\t\t\t\t<a class=\"elementor-cta__button elementor-button elementor-size-\">\n\t\t\t\t\t\tHier klicken\t\t\t\t\t<\/a>\n\t\t\t\t\t<\/div>\n\t\t\t\t\t\t\t<\/div>\n\t\t\t\t\t\t<\/div>\n\t\t\t\t\t\t<\/div>\n\t\t\t\t<\/div>\n\t\t\t\t\t<\/div>\n\t\t<\/div>\n\t\t\t\t\t<\/div>\n\t\t<\/section>\n\t\t\t\t<\/div>\n\t\t","protected":false},"excerpt":{"rendered":"<p>SUV Informationen Informationen \u00fcber die Fahrzeuggruppe der SUV&#8217;s In den letzten Jahren, sind die Verk\u00e4ufe der Autobauer f\u00fcr die Fahrzeuggruppe SUV stark angestiegen. Die Fahrzeuge sind durch ihre Vielseitigkeit sehr beliebt. Sie bieten viel Platz und sind optimal f\u00fcr Stadt und auch Land. Schwierigkeitsgrade Erfahren sie hier mehr \u00fcber die Schwierigkeitsgrade der Touren Hier klicken [&hellip;]<\/p>\n","protected":false},"author":4,"featured_media":0,"parent":0,"menu_order":0,"comment_status":"closed","ping_status":"closed","template":"elementor_header_footer","meta":{"footnotes":""},"class_list":["post-94","page","type-page","status-publish","hentry"],"yoast_head":"<!-- This site is optimized with the Yoast SEO plugin v27.3 - https:\/\/yoast.com\/product\/yoast-seo-wordpress\/ -->\n<title>SUV Infos - suv4me<\/title>\n<meta name=\"description\" content=\"Hier erfahren sie einige Informationen zu unseren SUV Touren. Wir sagen ihnen, was es braucht um mit ihrem SUV abseits der Stra\u00dfe unterwegs zu sein.\" \/>\n<meta name=\"robots\" content=\"noindex, follow, max-snippet:-1, max-image-preview:large, max-video-preview:-1\" \/>\n<meta property=\"og:locale\" content=\"de_DE\" \/>\n<meta property=\"og:type\" content=\"article\" \/>\n<meta property=\"og:title\" content=\"SUV Infos - suv4me\" \/>\n<meta property=\"og:description\" content=\"Hier erfahren sie einige Informationen zu unseren SUV Touren. Wir sagen ihnen, was es braucht um mit ihrem SUV abseits der Stra\u00dfe unterwegs zu sein.\" \/>\n<meta property=\"og:url\" content=\"https:\/\/suv4me.de\/index.php\/camper\/\" \/>\n<meta property=\"og:site_name\" content=\"suv4me\" \/>\n<meta property=\"article:modified_time\" content=\"2020-05-29T11:52:16+00:00\" \/>\n<meta name=\"twitter:card\" content=\"summary_large_image\" \/>\n<script type=\"application\/ld+json\" class=\"yoast-schema-graph\">{\"@context\":\"https:\\\/\\\/schema.org\",\"@graph\":[{\"@type\":\"WebPage\",\"@id\":\"https:\\\/\\\/suv4me.de\\\/index.php\\\/camper\\\/\",\"url\":\"https:\\\/\\\/suv4me.de\\\/index.php\\\/camper\\\/\",\"name\":\"SUV Infos - suv4me\",\"isPartOf\":{\"@id\":\"https:\\\/\\\/suv4me.de\\\/#website\"},\"datePublished\":\"2020-01-09T13:41:21+00:00\",\"dateModified\":\"2020-05-29T11:52:16+00:00\",\"description\":\"Hier erfahren sie einige Informationen zu unseren SUV Touren. Wir sagen ihnen, was es braucht um mit ihrem SUV abseits der Stra\u00dfe unterwegs zu sein.\",\"breadcrumb\":{\"@id\":\"https:\\\/\\\/suv4me.de\\\/index.php\\\/camper\\\/#breadcrumb\"},\"inLanguage\":\"de\",\"potentialAction\":[{\"@type\":\"ReadAction\",\"target\":[\"https:\\\/\\\/suv4me.de\\\/index.php\\\/camper\\\/\"]}]},{\"@type\":\"BreadcrumbList\",\"@id\":\"https:\\\/\\\/suv4me.de\\\/index.php\\\/camper\\\/#breadcrumb\",\"itemListElement\":[{\"@type\":\"ListItem\",\"position\":1,\"name\":\"Home\",\"item\":\"https:\\\/\\\/suv4me.de\\\/\"},{\"@type\":\"ListItem\",\"position\":2,\"name\":\"SUV Infos\"}]},{\"@type\":\"WebSite\",\"@id\":\"https:\\\/\\\/suv4me.de\\\/#website\",\"url\":\"https:\\\/\\\/suv4me.de\\\/\",\"name\":\"suv4me\",\"description\":\"SUV 4 Fun\",\"publisher\":{\"@id\":\"https:\\\/\\\/suv4me.de\\\/#organization\"},\"potentialAction\":[{\"@type\":\"SearchAction\",\"target\":{\"@type\":\"EntryPoint\",\"urlTemplate\":\"https:\\\/\\\/suv4me.de\\\/?s={search_term_string}\"},\"query-input\":{\"@type\":\"PropertyValueSpecification\",\"valueRequired\":true,\"valueName\":\"search_term_string\"}}],\"inLanguage\":\"de\"},{\"@type\":\"Organization\",\"@id\":\"https:\\\/\\\/suv4me.de\\\/#organization\",\"name\":\"suv4me\",\"url\":\"https:\\\/\\\/suv4me.de\\\/\",\"logo\":{\"@type\":\"ImageObject\",\"inLanguage\":\"de\",\"@id\":\"https:\\\/\\\/suv4me.de\\\/#\\\/schema\\\/logo\\\/image\\\/\",\"url\":\"https:\\\/\\\/suv4me.de\\\/wp-content\\\/uploads\\\/2020\\\/01\\\/cropped-SUV_Logo-1.png\",\"contentUrl\":\"https:\\\/\\\/suv4me.de\\\/wp-content\\\/uploads\\\/2020\\\/01\\\/cropped-SUV_Logo-1.png\",\"width\":1001,\"height\":571,\"caption\":\"suv4me\"},\"image\":{\"@id\":\"https:\\\/\\\/suv4me.de\\\/#\\\/schema\\\/logo\\\/image\\\/\"}}]}<\/script>\n<!-- \/ Yoast SEO plugin. -->","yoast_head_json":{"title":"SUV Infos - suv4me","description":"Hier erfahren sie einige Informationen zu unseren SUV Touren. Wir sagen ihnen, was es braucht um mit ihrem SUV abseits der Stra\u00dfe unterwegs zu sein.","robots":{"index":"noindex","follow":"follow","max-snippet":"max-snippet:-1","max-image-preview":"max-image-preview:large","max-video-preview":"max-video-preview:-1"},"og_locale":"de_DE","og_type":"article","og_title":"SUV Infos - suv4me","og_description":"Hier erfahren sie einige Informationen zu unseren SUV Touren. Wir sagen ihnen, was es braucht um mit ihrem SUV abseits der Stra\u00dfe unterwegs zu sein.","og_url":"https:\/\/suv4me.de\/index.php\/camper\/","og_site_name":"suv4me","article_modified_time":"2020-05-29T11:52:16+00:00","twitter_card":"summary_large_image","schema":{"@context":"https:\/\/schema.org","@graph":[{"@type":"WebPage","@id":"https:\/\/suv4me.de\/index.php\/camper\/","url":"https:\/\/suv4me.de\/index.php\/camper\/","name":"SUV Infos - suv4me","isPartOf":{"@id":"https:\/\/suv4me.de\/#website"},"datePublished":"2020-01-09T13:41:21+00:00","dateModified":"2020-05-29T11:52:16+00:00","description":"Hier erfahren sie einige Informationen zu unseren SUV Touren. Wir sagen ihnen, was es braucht um mit ihrem SUV abseits der Stra\u00dfe unterwegs zu sein.","breadcrumb":{"@id":"https:\/\/suv4me.de\/index.php\/camper\/#breadcrumb"},"inLanguage":"de","potentialAction":[{"@type":"ReadAction","target":["https:\/\/suv4me.de\/index.php\/camper\/"]}]},{"@type":"BreadcrumbList","@id":"https:\/\/suv4me.de\/index.php\/camper\/#breadcrumb","itemListElement":[{"@type":"ListItem","position":1,"name":"Home","item":"https:\/\/suv4me.de\/"},{"@type":"ListItem","position":2,"name":"SUV Infos"}]},{"@type":"WebSite","@id":"https:\/\/suv4me.de\/#website","url":"https:\/\/suv4me.de\/","name":"suv4me","description":"SUV 4 Fun","publisher":{"@id":"https:\/\/suv4me.de\/#organization"},"potentialAction":[{"@type":"SearchAction","target":{"@type":"EntryPoint","urlTemplate":"https:\/\/suv4me.de\/?s={search_term_string}"},"query-input":{"@type":"PropertyValueSpecification","valueRequired":true,"valueName":"search_term_string"}}],"inLanguage":"de"},{"@type":"Organization","@id":"https:\/\/suv4me.de\/#organization","name":"suv4me","url":"https:\/\/suv4me.de\/","logo":{"@type":"ImageObject","inLanguage":"de","@id":"https:\/\/suv4me.de\/#\/schema\/logo\/image\/","url":"https:\/\/suv4me.de\/wp-content\/uploads\/2020\/01\/cropped-SUV_Logo-1.png","contentUrl":"https:\/\/suv4me.de\/wp-content\/uploads\/2020\/01\/cropped-SUV_Logo-1.png","width":1001,"height":571,"caption":"suv4me"},"image":{"@id":"https:\/\/suv4me.de\/#\/schema\/logo\/image\/"}}]}},"_links":{"self":[{"href":"https:\/\/suv4me.de\/index.php\/wp-json\/wp\/v2\/pages\/94","targetHints":{"allow":["GET"]}}],"collection":[{"href":"https:\/\/suv4me.de\/index.php\/wp-json\/wp\/v2\/pages"}],"about":[{"href":"https:\/\/suv4me.de\/index.php\/wp-json\/wp\/v2\/types\/page"}],"author":[{"embeddable":true,"href":"https:\/\/suv4me.de\/index.php\/wp-json\/wp\/v2\/users\/4"}],"replies":[{"embeddable":true,"href":"https:\/\/suv4me.de\/index.php\/wp-json\/wp\/v2\/comments?post=94"}],"version-history":[{"count":6,"href":"https:\/\/suv4me.de\/index.php\/wp-json\/wp\/v2\/pages\/94\/revisions"}],"predecessor-version":[{"id":1482,"href":"https:\/\/suv4me.de\/index.php\/wp-json\/wp\/v2\/pages\/94\/revisions\/1482"}],"wp:attachment":[{"href":"https:\/\/suv4me.de\/index.php\/wp-json\/wp\/v2\/media?parent=94"}],"curies":[{"name":"wp","href":"https:\/\/api.w.org\/{rel}","templated":true}]}}