{"id":201,"date":"2020-01-10T12:38:44","date_gmt":"2020-01-10T12:38:44","guid":{"rendered":"https:\/\/travivre.ybm.eu\/?page_id=201"},"modified":"2020-05-25T10:18:18","modified_gmt":"2020-05-25T10:18:18","slug":"staedtereisen","status":"publish","type":"page","link":"https:\/\/suv4me.de\/index.php\/staedtereisen\/","title":{"rendered":"Inkl. \u00dcbernachtung"},"content":{"rendered":"\t\t<div data-elementor-type=\"wp-page\" data-elementor-id=\"201\" class=\"elementor elementor-201\" data-elementor-post-type=\"page\">\n\t\t\t\t\t\t<section class=\"elementor-section elementor-top-section elementor-element elementor-element-2935fd3d elementor-section-height-min-height elementor-section-boxed elementor-section-height-default elementor-section-items-middle\" data-id=\"2935fd3d\" data-element_type=\"section\" data-e-type=\"section\" data-settings=\"{&quot;shape_divider_bottom&quot;:&quot;tilt&quot;,&quot;animation&quot;:&quot;none&quot;,&quot;background_background&quot;:&quot;classic&quot;,&quot;shape_divider_top&quot;:&quot;tilt&quot;}\">\n\t\t\t\t\t\t\t<div class=\"elementor-background-overlay\"><\/div>\n\t\t\t\t\t\t<div class=\"elementor-shape elementor-shape-top\" aria-hidden=\"true\" data-negative=\"false\">\n\t\t\t<svg xmlns=\"http:\/\/www.w3.org\/2000\/svg\" viewBox=\"0 0 1000 100\" preserveAspectRatio=\"none\">\n\t<path class=\"elementor-shape-fill\" d=\"M0,6V0h1000v100L0,6z\"\/>\n<\/svg>\t\t<\/div>\n\t\t\t\t<div class=\"elementor-shape elementor-shape-bottom\" aria-hidden=\"true\" data-negative=\"false\">\n\t\t\t<svg xmlns=\"http:\/\/www.w3.org\/2000\/svg\" viewBox=\"0 0 1000 100\" preserveAspectRatio=\"none\">\n\t<path class=\"elementor-shape-fill\" d=\"M0,6V0h1000v100L0,6z\"\/>\n<\/svg>\t\t<\/div>\n\t\t\t\t\t<div class=\"elementor-container elementor-column-gap-default\">\n\t\t\t\t\t<div class=\"elementor-column elementor-col-100 elementor-top-column elementor-element elementor-element-20e4191d\" data-id=\"20e4191d\" data-element_type=\"column\" data-e-type=\"column\">\n\t\t\t<div class=\"elementor-widget-wrap elementor-element-populated\">\n\t\t\t\t\t\t<div class=\"elementor-element elementor-element-56992044 elementor-widget elementor-widget-heading\" data-id=\"56992044\" data-element_type=\"widget\" data-e-type=\"widget\" data-widget_type=\"heading.default\">\n\t\t\t\t<div class=\"elementor-widget-container\">\n\t\t\t\t\t<h1 class=\"elementor-heading-title elementor-size-default\"><strong>Inklusive<\/strong> \u00dcbernachtung<\/h1>\t\t\t\t<\/div>\n\t\t\t\t<\/div>\n\t\t\t\t\t<\/div>\n\t\t<\/div>\n\t\t\t\t\t<\/div>\n\t\t<\/section>\n\t\t\t\t<section class=\"elementor-section elementor-top-section elementor-element elementor-element-2259faa7 elementor-section-boxed elementor-section-height-default elementor-section-height-default\" data-id=\"2259faa7\" data-element_type=\"section\" data-e-type=\"section\" data-settings=\"{&quot;background_background&quot;:&quot;classic&quot;}\">\n\t\t\t\t\t\t<div class=\"elementor-container elementor-column-gap-default\">\n\t\t\t\t\t<div class=\"elementor-column elementor-col-100 elementor-top-column elementor-element elementor-element-3d478a99\" data-id=\"3d478a99\" data-element_type=\"column\" data-e-type=\"column\">\n\t\t\t<div class=\"elementor-widget-wrap elementor-element-populated\">\n\t\t\t\t\t\t<div class=\"elementor-element elementor-element-2155887c elementor-widget elementor-widget-heading\" data-id=\"2155887c\" data-element_type=\"widget\" data-e-type=\"widget\" data-widget_type=\"heading.default\">\n\t\t\t\t<div class=\"elementor-widget-container\">\n\t\t\t\t\t<h2 class=\"elementor-heading-title elementor-size-default\"><strong>Inklusive<\/strong> \u00dcbernachtung<\/h2>\t\t\t\t<\/div>\n\t\t\t\t<\/div>\n\t\t\t\t<div class=\"elementor-element elementor-element-3d2a2633 elementor-icon-list--layout-traditional elementor-list-item-link-full_width elementor-widget elementor-widget-icon-list\" data-id=\"3d2a2633\" data-element_type=\"widget\" data-e-type=\"widget\" data-widget_type=\"icon-list.default\">\n\t\t\t\t<div class=\"elementor-widget-container\">\n\t\t\t\t\t\t\t<ul class=\"elementor-icon-list-items\">\n\t\t\t\t\t\t\t<li class=\"elementor-icon-list-item\">\n\t\t\t\t\t\t\t\t\t\t\t<span class=\"elementor-icon-list-icon\">\n\t\t\t\t\t\t\t<i aria-hidden=\"true\" class=\"fas fa-check\"><\/i>\t\t\t\t\t\t<\/span>\n\t\t\t\t\t\t\t\t\t\t<span class=\"elementor-icon-list-text\">Keine besondere Offroad-Erfahrung des Fahrers und auch keine extra Bereifung zum Beispiel All Terrain-Bereifung (AT) erforderlich.<\/span>\n\t\t\t\t\t\t\t\t\t<\/li>\n\t\t\t\t\t\t\t\t<li class=\"elementor-icon-list-item\">\n\t\t\t\t\t\t\t\t\t\t\t<span class=\"elementor-icon-list-icon\">\n\t\t\t\t\t\t\t<i aria-hidden=\"true\" class=\"fas fa-check\"><\/i>\t\t\t\t\t\t<\/span>\n\t\t\t\t\t\t\t\t\t\t<span class=\"elementor-icon-list-text\">Eine Offroad-Ausr\u00fcstung (Anfahrhilfen, Bergegurt, Winde etc.) ist nicht erforderlich. Wir bewegen uns auf Wald- und Feldwegen, Sandpisten und feinen Schotterpisten. Buschber\u00fchrung ist nicht zu erwarten.<\/span>\n\t\t\t\t\t\t\t\t\t<\/li>\n\t\t\t\t\t\t\t\t<li class=\"elementor-icon-list-item\">\n\t\t\t\t\t\t\t\t\t\t\t<span class=\"elementor-icon-list-icon\">\n\t\t\t\t\t\t\t<i aria-hidden=\"true\" class=\"fas fa-check\"><\/i>\t\t\t\t\t\t<\/span>\n\t\t\t\t\t\t\t\t\t\t<span class=\"elementor-icon-list-text\">Geeignet f\u00fcr SUV und Gel\u00e4ndewagen.<\/span>\n\t\t\t\t\t\t\t\t\t<\/li>\n\t\t\t\t\t\t\t\t<li class=\"elementor-icon-list-item\">\n\t\t\t\t\t\t\t\t\t\t\t<span class=\"elementor-icon-list-icon\">\n\t\t\t\t\t\t\t<i aria-hidden=\"true\" class=\"fas fa-check\"><\/i>\t\t\t\t\t\t<\/span>\n\t\t\t\t\t\t\t\t\t\t<span class=\"elementor-icon-list-text\"><strong>WICHTIG<\/strong>  Je nach Wetterlage (z.B. Starkregen) kann sich ein Streckencharakter deutlich ver\u00e4ndern.<\/span>\n\t\t\t\t\t\t\t\t\t<\/li>\n\t\t\t\t\t\t<\/ul>\n\t\t\t\t\t\t<\/div>\n\t\t\t\t<\/div>\n\t\t\t\t\t<\/div>\n\t\t<\/div>\n\t\t\t\t\t<\/div>\n\t\t<\/section>\n\t\t\t\t<section class=\"elementor-section elementor-top-section elementor-element elementor-element-3e46d4a9 elementor-section-boxed elementor-section-height-default elementor-section-height-default\" data-id=\"3e46d4a9\" data-element_type=\"section\" data-e-type=\"section\">\n\t\t\t\t\t\t<div class=\"elementor-container elementor-column-gap-default\">\n\t\t\t\t\t<div class=\"elementor-column elementor-col-100 elementor-top-column elementor-element elementor-element-aaa98a6\" data-id=\"aaa98a6\" data-element_type=\"column\" data-e-type=\"column\">\n\t\t\t<div class=\"elementor-widget-wrap elementor-element-populated\">\n\t\t\t\t\t\t<div class=\"elementor-element elementor-element-1ca8b4fa elementor-widget elementor-widget-heading\" data-id=\"1ca8b4fa\" data-element_type=\"widget\" data-e-type=\"widget\" data-widget_type=\"heading.default\">\n\t\t\t\t<div class=\"elementor-widget-container\">\n\t\t\t\t\t<h2 class=\"elementor-heading-title elementor-size-default\">Unsere <strong>Angebote<\/strong><\/h2>\t\t\t\t<\/div>\n\t\t\t\t<\/div>\n\t\t\t\t<div class=\"elementor-element elementor-element-53240220 elementor-widget-divider--view-line elementor-widget elementor-widget-divider\" data-id=\"53240220\" data-element_type=\"widget\" data-e-type=\"widget\" data-widget_type=\"divider.default\">\n\t\t\t\t<div class=\"elementor-widget-container\">\n\t\t\t\t\t\t\t<div class=\"elementor-divider\">\n\t\t\t<span class=\"elementor-divider-separator\">\n\t\t\t\t\t\t<\/span>\n\t\t<\/div>\n\t\t\t\t\t\t<\/div>\n\t\t\t\t<\/div>\n\t\t\t\t<div class=\"elementor-element elementor-element-11a1edf0 elementor-posts--align-left elementor-grid-3 elementor-grid-tablet-2 elementor-grid-mobile-1 elementor-posts--thumbnail-top elementor-card-shadow-yes elementor-posts__hover-gradient elementor-widget elementor-widget-posts\" data-id=\"11a1edf0\" data-element_type=\"widget\" data-e-type=\"widget\" data-settings=\"{&quot;cards_row_gap&quot;:{&quot;unit&quot;:&quot;px&quot;,&quot;size&quot;:5,&quot;sizes&quot;:[]},&quot;cards_columns&quot;:&quot;3&quot;,&quot;cards_columns_tablet&quot;:&quot;2&quot;,&quot;cards_columns_mobile&quot;:&quot;1&quot;,&quot;cards_row_gap_tablet&quot;:{&quot;unit&quot;:&quot;px&quot;,&quot;size&quot;:&quot;&quot;,&quot;sizes&quot;:[]},&quot;cards_row_gap_mobile&quot;:{&quot;unit&quot;:&quot;px&quot;,&quot;size&quot;:&quot;&quot;,&quot;sizes&quot;:[]}}\" data-widget_type=\"posts.cards\">\n\t\t\t\t<div class=\"elementor-widget-container\">\n\t\t\t\t\t\t\t<div class=\"elementor-posts-container elementor-posts elementor-posts--skin-cards elementor-grid\" role=\"list\">\n\t\t\t\t<article class=\"elementor-post elementor-grid-item post-1127 post type-post status-publish format-standard has-post-thumbnail hentry category-mit_nacht category-reisearten category-leicht\" role=\"listitem\">\n\t\t\t<div class=\"elementor-post__card\">\n\t\t\t\t<a class=\"elementor-post__thumbnail__link\" href=\"https:\/\/suv4me.de\/index.php\/2020\/04\/21\/schnuppertour-sudvogesen\/\" tabindex=\"-1\" ><div class=\"elementor-post__thumbnail\"><img fetchpriority=\"high\" decoding=\"async\" width=\"1920\" height=\"1440\" src=\"https:\/\/suv4me.de\/wp-content\/uploads\/2020\/04\/SUV-Touren-Schnuppertour-S\u00fcdvogesen-3.jpg\" class=\"attachment-full size-full wp-image-1131\" alt=\"\" srcset=\"https:\/\/suv4me.de\/wp-content\/uploads\/2020\/04\/SUV-Touren-Schnuppertour-S\u00fcdvogesen-3.jpg 1920w, https:\/\/suv4me.de\/wp-content\/uploads\/2020\/04\/SUV-Touren-Schnuppertour-S\u00fcdvogesen-3-300x225.jpg 300w, https:\/\/suv4me.de\/wp-content\/uploads\/2020\/04\/SUV-Touren-Schnuppertour-S\u00fcdvogesen-3-1024x768.jpg 1024w, https:\/\/suv4me.de\/wp-content\/uploads\/2020\/04\/SUV-Touren-Schnuppertour-S\u00fcdvogesen-3-768x576.jpg 768w, https:\/\/suv4me.de\/wp-content\/uploads\/2020\/04\/SUV-Touren-Schnuppertour-S\u00fcdvogesen-3-1536x1152.jpg 1536w, https:\/\/suv4me.de\/wp-content\/uploads\/2020\/04\/SUV-Touren-Schnuppertour-S\u00fcdvogesen-3-1200x900.jpg 1200w\" sizes=\"(max-width: 1920px) 100vw, 1920px\" \/><\/div><\/a>\n\t\t\t\t<div class=\"elementor-post__text\">\n\t\t\t\t<h3 class=\"elementor-post__title\">\n\t\t\t<a href=\"https:\/\/suv4me.de\/index.php\/2020\/04\/21\/schnuppertour-sudvogesen\/\" >\n\t\t\t\tOffroad Schnuppertour S\u00fcdvogesen\t\t\t<\/a>\n\t\t<\/h3>\n\t\t\t\t<div class=\"elementor-post__excerpt\">\n\t\t\t\t\t<\/div>\n\t\t\n\t\t<a class=\"elementor-post__read-more\" href=\"https:\/\/suv4me.de\/index.php\/2020\/04\/21\/schnuppertour-sudvogesen\/\" aria-label=\"Mehr \u00fcber Offroad Schnuppertour S\u00fcdvogesen\" tabindex=\"-1\" >\n\t\t\tMehr Erfahren\t\t<\/a>\n\n\t\t\t\t<\/div>\n\t\t\t\t\t<\/div>\n\t\t<\/article>\n\t\t\t\t<article class=\"elementor-post elementor-grid-item post-1115 post type-post status-publish format-standard has-post-thumbnail hentry category-mit_nacht category-reisearten category-mittel\" role=\"listitem\">\n\t\t\t<div class=\"elementor-post__card\">\n\t\t\t\t<a class=\"elementor-post__thumbnail__link\" href=\"https:\/\/suv4me.de\/index.php\/2020\/04\/21\/kroatien\/\" tabindex=\"-1\" ><div class=\"elementor-post__thumbnail\"><img decoding=\"async\" width=\"1920\" height=\"1440\" src=\"https:\/\/suv4me.de\/wp-content\/uploads\/2020\/03\/Headerbild_Kroatien.png\" class=\"attachment-full size-full wp-image-865\" alt=\"\" srcset=\"https:\/\/suv4me.de\/wp-content\/uploads\/2020\/03\/Headerbild_Kroatien.png 1920w, https:\/\/suv4me.de\/wp-content\/uploads\/2020\/03\/Headerbild_Kroatien-300x225.png 300w, https:\/\/suv4me.de\/wp-content\/uploads\/2020\/03\/Headerbild_Kroatien-1024x768.png 1024w, https:\/\/suv4me.de\/wp-content\/uploads\/2020\/03\/Headerbild_Kroatien-768x576.png 768w, https:\/\/suv4me.de\/wp-content\/uploads\/2020\/03\/Headerbild_Kroatien-1536x1152.png 1536w, https:\/\/suv4me.de\/wp-content\/uploads\/2020\/03\/Headerbild_Kroatien-1200x900.png 1200w\" sizes=\"(max-width: 1920px) 100vw, 1920px\" \/><\/div><\/a>\n\t\t\t\t<div class=\"elementor-post__text\">\n\t\t\t\t<h3 class=\"elementor-post__title\">\n\t\t\t<a href=\"https:\/\/suv4me.de\/index.php\/2020\/04\/21\/kroatien\/\" >\n\t\t\t\tSchotterpisten in Kroatien\t\t\t<\/a>\n\t\t<\/h3>\n\t\t\t\t<div class=\"elementor-post__excerpt\">\n\t\t\t\t\t<\/div>\n\t\t\n\t\t<a class=\"elementor-post__read-more\" href=\"https:\/\/suv4me.de\/index.php\/2020\/04\/21\/kroatien\/\" aria-label=\"Mehr \u00fcber Schotterpisten in Kroatien\" tabindex=\"-1\" >\n\t\t\tMehr Erfahren\t\t<\/a>\n\n\t\t\t\t<\/div>\n\t\t\t\t\t<\/div>\n\t\t<\/article>\n\t\t\t\t<article class=\"elementor-post elementor-grid-item post-1101 post type-post status-publish format-standard has-post-thumbnail hentry category-mit_nacht category-reisearten category-leicht\" role=\"listitem\">\n\t\t\t<div class=\"elementor-post__card\">\n\t\t\t\t<a class=\"elementor-post__thumbnail__link\" href=\"https:\/\/suv4me.de\/index.php\/2020\/04\/21\/schlossertour\/\" tabindex=\"-1\" ><div class=\"elementor-post__thumbnail\"><img decoding=\"async\" width=\"1920\" height=\"1440\" src=\"https:\/\/suv4me.de\/wp-content\/uploads\/2020\/04\/SUV-Touren-Schl\u00f6ssertour-Mecklenburg-Vorpommern-Brandenburg-10.jpg\" class=\"attachment-full size-full wp-image-1103\" alt=\"\" srcset=\"https:\/\/suv4me.de\/wp-content\/uploads\/2020\/04\/SUV-Touren-Schl\u00f6ssertour-Mecklenburg-Vorpommern-Brandenburg-10.jpg 1920w, https:\/\/suv4me.de\/wp-content\/uploads\/2020\/04\/SUV-Touren-Schl\u00f6ssertour-Mecklenburg-Vorpommern-Brandenburg-10-300x225.jpg 300w, https:\/\/suv4me.de\/wp-content\/uploads\/2020\/04\/SUV-Touren-Schl\u00f6ssertour-Mecklenburg-Vorpommern-Brandenburg-10-1024x768.jpg 1024w, https:\/\/suv4me.de\/wp-content\/uploads\/2020\/04\/SUV-Touren-Schl\u00f6ssertour-Mecklenburg-Vorpommern-Brandenburg-10-768x576.jpg 768w, https:\/\/suv4me.de\/wp-content\/uploads\/2020\/04\/SUV-Touren-Schl\u00f6ssertour-Mecklenburg-Vorpommern-Brandenburg-10-1536x1152.jpg 1536w, https:\/\/suv4me.de\/wp-content\/uploads\/2020\/04\/SUV-Touren-Schl\u00f6ssertour-Mecklenburg-Vorpommern-Brandenburg-10-1200x900.jpg 1200w\" sizes=\"(max-width: 1920px) 100vw, 1920px\" \/><\/div><\/a>\n\t\t\t\t<div class=\"elementor-post__text\">\n\t\t\t\t<h3 class=\"elementor-post__title\">\n\t\t\t<a href=\"https:\/\/suv4me.de\/index.php\/2020\/04\/21\/schlossertour\/\" >\n\t\t\t\t\u00dcBER SANDPISTEN VON SCHLOSS ZU SCHLOSS\t\t\t<\/a>\n\t\t<\/h3>\n\t\t\t\t<div class=\"elementor-post__excerpt\">\n\t\t\t\t\t<\/div>\n\t\t\n\t\t<a class=\"elementor-post__read-more\" href=\"https:\/\/suv4me.de\/index.php\/2020\/04\/21\/schlossertour\/\" aria-label=\"Mehr \u00fcber \u00dcBER SANDPISTEN VON SCHLOSS ZU SCHLOSS\" tabindex=\"-1\" >\n\t\t\tMehr Erfahren\t\t<\/a>\n\n\t\t\t\t<\/div>\n\t\t\t\t\t<\/div>\n\t\t<\/article>\n\t\t\t\t<article class=\"elementor-post elementor-grid-item post-572 post type-post status-publish format-standard has-post-thumbnail hentry category-deutschland category-mit_nacht category-reisearten category-leicht tag-deutschland tag-offroad-tour tag-schnuppertour tag-suv\" role=\"listitem\">\n\t\t\t<div class=\"elementor-post__card\">\n\t\t\t\t<a class=\"elementor-post__thumbnail__link\" href=\"https:\/\/suv4me.de\/index.php\/2020\/01\/20\/schnuppertour\/\" tabindex=\"-1\" ><div class=\"elementor-post__thumbnail\"><img loading=\"lazy\" decoding=\"async\" width=\"1920\" height=\"1440\" src=\"https:\/\/suv4me.de\/wp-content\/uploads\/2020\/03\/Headerbild_SUV.png\" class=\"attachment-full size-full wp-image-863\" alt=\"\" srcset=\"https:\/\/suv4me.de\/wp-content\/uploads\/2020\/03\/Headerbild_SUV.png 1920w, https:\/\/suv4me.de\/wp-content\/uploads\/2020\/03\/Headerbild_SUV-300x225.png 300w, https:\/\/suv4me.de\/wp-content\/uploads\/2020\/03\/Headerbild_SUV-1024x768.png 1024w, https:\/\/suv4me.de\/wp-content\/uploads\/2020\/03\/Headerbild_SUV-768x576.png 768w, https:\/\/suv4me.de\/wp-content\/uploads\/2020\/03\/Headerbild_SUV-1536x1152.png 1536w, https:\/\/suv4me.de\/wp-content\/uploads\/2020\/03\/Headerbild_SUV-1200x900.png 1200w\" sizes=\"(max-width: 1920px) 100vw, 1920px\" \/><\/div><\/a>\n\t\t\t\t<div class=\"elementor-post__text\">\n\t\t\t\t<h3 class=\"elementor-post__title\">\n\t\t\t<a href=\"https:\/\/suv4me.de\/index.php\/2020\/01\/20\/schnuppertour\/\" >\n\t\t\t\tZWEIT\u00c4GIGE OFFROAD-TOUR ZUM \u201eREINSCHNUPPERN\u201c!\t\t\t<\/a>\n\t\t<\/h3>\n\t\t\t\t<div class=\"elementor-post__excerpt\">\n\t\t\t\t\t<\/div>\n\t\t\n\t\t<a class=\"elementor-post__read-more\" href=\"https:\/\/suv4me.de\/index.php\/2020\/01\/20\/schnuppertour\/\" aria-label=\"Mehr \u00fcber ZWEIT\u00c4GIGE OFFROAD-TOUR ZUM \u201eREINSCHNUPPERN\u201c!\" tabindex=\"-1\" >\n\t\t\tMehr Erfahren\t\t<\/a>\n\n\t\t\t\t<\/div>\n\t\t\t\t\t<\/div>\n\t\t<\/article>\n\t\t\t\t<article class=\"elementor-post elementor-grid-item post-25 post type-post status-publish format-standard has-post-thumbnail hentry category-mit_nacht category-oesterreich-reiseziele category-reisearten category-leicht tag-gebirge tag-offroad-tour tag-oesterreich tag-suv\" role=\"listitem\">\n\t\t\t<div class=\"elementor-post__card\">\n\t\t\t\t<a class=\"elementor-post__thumbnail__link\" href=\"https:\/\/suv4me.de\/index.php\/2020\/01\/09\/oesterreich\/\" tabindex=\"-1\" ><div class=\"elementor-post__thumbnail\"><img loading=\"lazy\" decoding=\"async\" width=\"1920\" height=\"1440\" src=\"https:\/\/suv4me.de\/wp-content\/uploads\/2020\/03\/IMG_5707.png\" class=\"attachment-full size-full wp-image-928\" alt=\"\" srcset=\"https:\/\/suv4me.de\/wp-content\/uploads\/2020\/03\/IMG_5707.png 1920w, https:\/\/suv4me.de\/wp-content\/uploads\/2020\/03\/IMG_5707-300x225.png 300w, https:\/\/suv4me.de\/wp-content\/uploads\/2020\/03\/IMG_5707-1024x768.png 1024w, https:\/\/suv4me.de\/wp-content\/uploads\/2020\/03\/IMG_5707-768x576.png 768w, https:\/\/suv4me.de\/wp-content\/uploads\/2020\/03\/IMG_5707-1536x1152.png 1536w, https:\/\/suv4me.de\/wp-content\/uploads\/2020\/03\/IMG_5707-1200x900.png 1200w\" sizes=\"(max-width: 1920px) 100vw, 1920px\" \/><\/div><\/a>\n\t\t\t\t<div class=\"elementor-post__text\">\n\t\t\t\t<h3 class=\"elementor-post__title\">\n\t\t\t<a href=\"https:\/\/suv4me.de\/index.php\/2020\/01\/09\/oesterreich\/\" >\n\t\t\t\tOFFROAD 4\u00d74 RAUF ZU DEN H\u00dcTTEN!\t\t\t<\/a>\n\t\t<\/h3>\n\t\t\t\t<div class=\"elementor-post__excerpt\">\n\t\t\t\t\t<\/div>\n\t\t\n\t\t<a class=\"elementor-post__read-more\" href=\"https:\/\/suv4me.de\/index.php\/2020\/01\/09\/oesterreich\/\" aria-label=\"Mehr \u00fcber OFFROAD 4\u00d74 RAUF ZU DEN H\u00dcTTEN!\" tabindex=\"-1\" >\n\t\t\tMehr Erfahren\t\t<\/a>\n\n\t\t\t\t<\/div>\n\t\t\t\t\t<\/div>\n\t\t<\/article>\n\t\t\t\t<\/div>\n\t\t\n\t\t\t\t\t\t<\/div>\n\t\t\t\t<\/div>\n\t\t\t\t\t<\/div>\n\t\t<\/div>\n\t\t\t\t\t<\/div>\n\t\t<\/section>\n\t\t\t\t<\/div>\n\t\t","protected":false},"excerpt":{"rendered":"<p>Inklusive \u00dcbernachtung Inklusive \u00dcbernachtung Keine besondere Offroad-Erfahrung des Fahrers und auch keine extra Bereifung zum Beispiel All Terrain-Bereifung (AT) erforderlich. Eine Offroad-Ausr\u00fcstung (Anfahrhilfen, Bergegurt, Winde etc.) ist nicht erforderlich. Wir bewegen uns auf Wald- und Feldwegen, Sandpisten und feinen Schotterpisten. Buschber\u00fchrung ist nicht zu erwarten. Geeignet f\u00fcr SUV und Gel\u00e4ndewagen. WICHTIG Je nach Wetterlage (z.B. [&hellip;]<\/p>\n","protected":false},"author":3,"featured_media":0,"parent":0,"menu_order":0,"comment_status":"closed","ping_status":"closed","template":"elementor_header_footer","meta":{"footnotes":""},"class_list":["post-201","page","type-page","status-publish","hentry"],"yoast_head":"<!-- This site is optimized with the Yoast SEO plugin v27.3 - https:\/\/yoast.com\/product\/yoast-seo-wordpress\/ -->\n<title>Inkl. \u00dcbernachtung - suv4me<\/title>\n<meta name=\"description\" content=\"Auf dieser Seite stellen wir ihnen die Reisen mit \u00dcbernachtung vor. Wir bieten verschiedene Offroad Touren an, mit oder ohne \u00dcbernachtung.\" \/>\n<meta name=\"robots\" content=\"noindex, follow, max-snippet:-1, max-image-preview:large, max-video-preview:-1\" \/>\n<meta property=\"og:locale\" content=\"de_DE\" \/>\n<meta property=\"og:type\" content=\"article\" \/>\n<meta property=\"og:title\" content=\"Inkl. \u00dcbernachtung - suv4me\" \/>\n<meta property=\"og:description\" content=\"Auf dieser Seite stellen wir ihnen die Reisen mit \u00dcbernachtung vor. Wir bieten verschiedene Offroad Touren an, mit oder ohne \u00dcbernachtung.\" \/>\n<meta property=\"og:url\" content=\"https:\/\/suv4me.de\/index.php\/staedtereisen\/\" \/>\n<meta property=\"og:site_name\" content=\"suv4me\" \/>\n<meta property=\"article:modified_time\" content=\"2020-05-25T10:18:18+00:00\" \/>\n<meta name=\"twitter:card\" content=\"summary_large_image\" \/>\n<script type=\"application\/ld+json\" class=\"yoast-schema-graph\">{\"@context\":\"https:\\\/\\\/schema.org\",\"@graph\":[{\"@type\":\"WebPage\",\"@id\":\"https:\\\/\\\/suv4me.de\\\/index.php\\\/staedtereisen\\\/\",\"url\":\"https:\\\/\\\/suv4me.de\\\/index.php\\\/staedtereisen\\\/\",\"name\":\"Inkl. \u00dcbernachtung - suv4me\",\"isPartOf\":{\"@id\":\"https:\\\/\\\/suv4me.de\\\/#website\"},\"datePublished\":\"2020-01-10T12:38:44+00:00\",\"dateModified\":\"2020-05-25T10:18:18+00:00\",\"description\":\"Auf dieser Seite stellen wir ihnen die Reisen mit \u00dcbernachtung vor. Wir bieten verschiedene Offroad Touren an, mit oder ohne \u00dcbernachtung.\",\"breadcrumb\":{\"@id\":\"https:\\\/\\\/suv4me.de\\\/index.php\\\/staedtereisen\\\/#breadcrumb\"},\"inLanguage\":\"de\",\"potentialAction\":[{\"@type\":\"ReadAction\",\"target\":[\"https:\\\/\\\/suv4me.de\\\/index.php\\\/staedtereisen\\\/\"]}]},{\"@type\":\"BreadcrumbList\",\"@id\":\"https:\\\/\\\/suv4me.de\\\/index.php\\\/staedtereisen\\\/#breadcrumb\",\"itemListElement\":[{\"@type\":\"ListItem\",\"position\":1,\"name\":\"Home\",\"item\":\"https:\\\/\\\/suv4me.de\\\/\"},{\"@type\":\"ListItem\",\"position\":2,\"name\":\"Inkl. \u00dcbernachtung\"}]},{\"@type\":\"WebSite\",\"@id\":\"https:\\\/\\\/suv4me.de\\\/#website\",\"url\":\"https:\\\/\\\/suv4me.de\\\/\",\"name\":\"suv4me\",\"description\":\"SUV 4 Fun\",\"publisher\":{\"@id\":\"https:\\\/\\\/suv4me.de\\\/#organization\"},\"potentialAction\":[{\"@type\":\"SearchAction\",\"target\":{\"@type\":\"EntryPoint\",\"urlTemplate\":\"https:\\\/\\\/suv4me.de\\\/?s={search_term_string}\"},\"query-input\":{\"@type\":\"PropertyValueSpecification\",\"valueRequired\":true,\"valueName\":\"search_term_string\"}}],\"inLanguage\":\"de\"},{\"@type\":\"Organization\",\"@id\":\"https:\\\/\\\/suv4me.de\\\/#organization\",\"name\":\"suv4me\",\"url\":\"https:\\\/\\\/suv4me.de\\\/\",\"logo\":{\"@type\":\"ImageObject\",\"inLanguage\":\"de\",\"@id\":\"https:\\\/\\\/suv4me.de\\\/#\\\/schema\\\/logo\\\/image\\\/\",\"url\":\"https:\\\/\\\/suv4me.de\\\/wp-content\\\/uploads\\\/2020\\\/01\\\/cropped-SUV_Logo-1.png\",\"contentUrl\":\"https:\\\/\\\/suv4me.de\\\/wp-content\\\/uploads\\\/2020\\\/01\\\/cropped-SUV_Logo-1.png\",\"width\":1001,\"height\":571,\"caption\":\"suv4me\"},\"image\":{\"@id\":\"https:\\\/\\\/suv4me.de\\\/#\\\/schema\\\/logo\\\/image\\\/\"}}]}<\/script>\n<!-- \/ Yoast SEO plugin. -->","yoast_head_json":{"title":"Inkl. \u00dcbernachtung - suv4me","description":"Auf dieser Seite stellen wir ihnen die Reisen mit \u00dcbernachtung vor. Wir bieten verschiedene Offroad Touren an, mit oder ohne \u00dcbernachtung.","robots":{"index":"noindex","follow":"follow","max-snippet":"max-snippet:-1","max-image-preview":"max-image-preview:large","max-video-preview":"max-video-preview:-1"},"og_locale":"de_DE","og_type":"article","og_title":"Inkl. \u00dcbernachtung - suv4me","og_description":"Auf dieser Seite stellen wir ihnen die Reisen mit \u00dcbernachtung vor. Wir bieten verschiedene Offroad Touren an, mit oder ohne \u00dcbernachtung.","og_url":"https:\/\/suv4me.de\/index.php\/staedtereisen\/","og_site_name":"suv4me","article_modified_time":"2020-05-25T10:18:18+00:00","twitter_card":"summary_large_image","schema":{"@context":"https:\/\/schema.org","@graph":[{"@type":"WebPage","@id":"https:\/\/suv4me.de\/index.php\/staedtereisen\/","url":"https:\/\/suv4me.de\/index.php\/staedtereisen\/","name":"Inkl. \u00dcbernachtung - suv4me","isPartOf":{"@id":"https:\/\/suv4me.de\/#website"},"datePublished":"2020-01-10T12:38:44+00:00","dateModified":"2020-05-25T10:18:18+00:00","description":"Auf dieser Seite stellen wir ihnen die Reisen mit \u00dcbernachtung vor. Wir bieten verschiedene Offroad Touren an, mit oder ohne \u00dcbernachtung.","breadcrumb":{"@id":"https:\/\/suv4me.de\/index.php\/staedtereisen\/#breadcrumb"},"inLanguage":"de","potentialAction":[{"@type":"ReadAction","target":["https:\/\/suv4me.de\/index.php\/staedtereisen\/"]}]},{"@type":"BreadcrumbList","@id":"https:\/\/suv4me.de\/index.php\/staedtereisen\/#breadcrumb","itemListElement":[{"@type":"ListItem","position":1,"name":"Home","item":"https:\/\/suv4me.de\/"},{"@type":"ListItem","position":2,"name":"Inkl. \u00dcbernachtung"}]},{"@type":"WebSite","@id":"https:\/\/suv4me.de\/#website","url":"https:\/\/suv4me.de\/","name":"suv4me","description":"SUV 4 Fun","publisher":{"@id":"https:\/\/suv4me.de\/#organization"},"potentialAction":[{"@type":"SearchAction","target":{"@type":"EntryPoint","urlTemplate":"https:\/\/suv4me.de\/?s={search_term_string}"},"query-input":{"@type":"PropertyValueSpecification","valueRequired":true,"valueName":"search_term_string"}}],"inLanguage":"de"},{"@type":"Organization","@id":"https:\/\/suv4me.de\/#organization","name":"suv4me","url":"https:\/\/suv4me.de\/","logo":{"@type":"ImageObject","inLanguage":"de","@id":"https:\/\/suv4me.de\/#\/schema\/logo\/image\/","url":"https:\/\/suv4me.de\/wp-content\/uploads\/2020\/01\/cropped-SUV_Logo-1.png","contentUrl":"https:\/\/suv4me.de\/wp-content\/uploads\/2020\/01\/cropped-SUV_Logo-1.png","width":1001,"height":571,"caption":"suv4me"},"image":{"@id":"https:\/\/suv4me.de\/#\/schema\/logo\/image\/"}}]}},"_links":{"self":[{"href":"https:\/\/suv4me.de\/index.php\/wp-json\/wp\/v2\/pages\/201","targetHints":{"allow":["GET"]}}],"collection":[{"href":"https:\/\/suv4me.de\/index.php\/wp-json\/wp\/v2\/pages"}],"about":[{"href":"https:\/\/suv4me.de\/index.php\/wp-json\/wp\/v2\/types\/page"}],"author":[{"embeddable":true,"href":"https:\/\/suv4me.de\/index.php\/wp-json\/wp\/v2\/users\/3"}],"replies":[{"embeddable":true,"href":"https:\/\/suv4me.de\/index.php\/wp-json\/wp\/v2\/comments?post=201"}],"version-history":[{"count":12,"href":"https:\/\/suv4me.de\/index.php\/wp-json\/wp\/v2\/pages\/201\/revisions"}],"predecessor-version":[{"id":1426,"href":"https:\/\/suv4me.de\/index.php\/wp-json\/wp\/v2\/pages\/201\/revisions\/1426"}],"wp:attachment":[{"href":"https:\/\/suv4me.de\/index.php\/wp-json\/wp\/v2\/media?parent=201"}],"curies":[{"name":"wp","href":"https:\/\/api.w.org\/{rel}","templated":true}]}}