{"id":199,"date":"2020-01-10T12:19:19","date_gmt":"2020-01-10T12:19:19","guid":{"rendered":"https:\/\/travivre.ybm.eu\/?page_id=199"},"modified":"2020-05-25T10:23:07","modified_gmt":"2020-05-25T10:23:07","slug":"aktivreisen","status":"publish","type":"page","link":"https:\/\/suv4me.de\/index.php\/aktivreisen\/","title":{"rendered":"Schwere Touren"},"content":{"rendered":"\t\t<div data-elementor-type=\"wp-page\" data-elementor-id=\"199\" class=\"elementor elementor-199\" data-elementor-post-type=\"page\">\n\t\t\t\t\t\t<section class=\"elementor-section elementor-top-section elementor-element elementor-element-3462ed2e elementor-section-height-min-height elementor-section-boxed elementor-section-height-default elementor-section-items-middle\" data-id=\"3462ed2e\" data-element_type=\"section\" data-e-type=\"section\" data-settings=\"{&quot;shape_divider_bottom&quot;:&quot;tilt&quot;,&quot;animation&quot;:&quot;none&quot;,&quot;background_background&quot;:&quot;classic&quot;,&quot;shape_divider_top&quot;:&quot;tilt&quot;}\">\n\t\t\t\t\t\t\t<div class=\"elementor-background-overlay\"><\/div>\n\t\t\t\t\t\t<div class=\"elementor-shape elementor-shape-top\" aria-hidden=\"true\" data-negative=\"false\">\n\t\t\t<svg xmlns=\"http:\/\/www.w3.org\/2000\/svg\" viewBox=\"0 0 1000 100\" preserveAspectRatio=\"none\">\n\t<path class=\"elementor-shape-fill\" d=\"M0,6V0h1000v100L0,6z\"\/>\n<\/svg>\t\t<\/div>\n\t\t\t\t<div class=\"elementor-shape elementor-shape-bottom\" aria-hidden=\"true\" data-negative=\"false\">\n\t\t\t<svg xmlns=\"http:\/\/www.w3.org\/2000\/svg\" viewBox=\"0 0 1000 100\" preserveAspectRatio=\"none\">\n\t<path class=\"elementor-shape-fill\" d=\"M0,6V0h1000v100L0,6z\"\/>\n<\/svg>\t\t<\/div>\n\t\t\t\t\t<div class=\"elementor-container elementor-column-gap-default\">\n\t\t\t\t\t<div class=\"elementor-column elementor-col-100 elementor-top-column elementor-element elementor-element-23a5d0e8\" data-id=\"23a5d0e8\" data-element_type=\"column\" data-e-type=\"column\">\n\t\t\t<div class=\"elementor-widget-wrap elementor-element-populated\">\n\t\t\t\t\t\t<div class=\"elementor-element elementor-element-22bcb86b elementor-widget elementor-widget-heading\" data-id=\"22bcb86b\" data-element_type=\"widget\" data-e-type=\"widget\" data-widget_type=\"heading.default\">\n\t\t\t\t<div class=\"elementor-widget-container\">\n\t\t\t\t\t<h1 class=\"elementor-heading-title elementor-size-default\"><strong>Schwere<\/strong> Touren<\/h1>\t\t\t\t<\/div>\n\t\t\t\t<\/div>\n\t\t\t\t\t<\/div>\n\t\t<\/div>\n\t\t\t\t\t<\/div>\n\t\t<\/section>\n\t\t\t\t<section class=\"elementor-section elementor-top-section elementor-element elementor-element-6b3ef59c elementor-section-boxed elementor-section-height-default elementor-section-height-default\" data-id=\"6b3ef59c\" data-element_type=\"section\" data-e-type=\"section\" data-settings=\"{&quot;background_background&quot;:&quot;classic&quot;}\">\n\t\t\t\t\t\t<div class=\"elementor-container elementor-column-gap-default\">\n\t\t\t\t\t<div class=\"elementor-column elementor-col-100 elementor-top-column elementor-element elementor-element-cd3fa34\" data-id=\"cd3fa34\" data-element_type=\"column\" data-e-type=\"column\">\n\t\t\t<div class=\"elementor-widget-wrap elementor-element-populated\">\n\t\t\t\t\t\t<div class=\"elementor-element elementor-element-47029fc6 elementor-widget elementor-widget-heading\" data-id=\"47029fc6\" data-element_type=\"widget\" data-e-type=\"widget\" data-widget_type=\"heading.default\">\n\t\t\t\t<div class=\"elementor-widget-container\">\n\t\t\t\t\t<h2 class=\"elementor-heading-title elementor-size-default\">Unsere <strong>schweren<\/strong> Touren<\/h2>\t\t\t\t<\/div>\n\t\t\t\t<\/div>\n\t\t\t\t<div class=\"elementor-element elementor-element-415ab572 elementor-icon-list--layout-traditional elementor-list-item-link-full_width elementor-widget elementor-widget-icon-list\" data-id=\"415ab572\" data-element_type=\"widget\" data-e-type=\"widget\" data-widget_type=\"icon-list.default\">\n\t\t\t\t<div class=\"elementor-widget-container\">\n\t\t\t\t\t\t\t<ul class=\"elementor-icon-list-items\">\n\t\t\t\t\t\t\t<li class=\"elementor-icon-list-item\">\n\t\t\t\t\t\t\t\t\t\t\t<span class=\"elementor-icon-list-icon\">\n\t\t\t\t\t\t\t<i aria-hidden=\"true\" class=\"fas fa-check\"><\/i>\t\t\t\t\t\t<\/span>\n\t\t\t\t\t\t\t\t\t\t<span class=\"elementor-icon-list-text\">Eine Offroad-Ausr\u00fcstung (Anfahrhilfen, Bergegurt, Winde etc.) ist nicht erforderlich. Wir bewegen uns auf Wald- und Feldwegen, Sandpisten und feinen Schotterpisten. Buschber\u00fchrung ist nicht zu erwarten. A\/T Reifen empfohlen<\/span>\n\t\t\t\t\t\t\t\t\t<\/li>\n\t\t\t\t\t\t\t\t<li class=\"elementor-icon-list-item\">\n\t\t\t\t\t\t\t\t\t\t\t<span class=\"elementor-icon-list-icon\">\n\t\t\t\t\t\t\t<i aria-hidden=\"true\" class=\"fas fa-check\"><\/i>\t\t\t\t\t\t<\/span>\n\t\t\t\t\t\t\t\t\t\t<span class=\"elementor-icon-list-text\">Geeignet f\u00fcr SUV und Gel\u00e4ndewagen.<\/span>\n\t\t\t\t\t\t\t\t\t<\/li>\n\t\t\t\t\t\t\t\t<li class=\"elementor-icon-list-item\">\n\t\t\t\t\t\t\t\t\t\t\t<span class=\"elementor-icon-list-icon\">\n\t\t\t\t\t\t\t<i aria-hidden=\"true\" class=\"fas fa-check\"><\/i>\t\t\t\t\t\t<\/span>\n\t\t\t\t\t\t\t\t\t\t<span class=\"elementor-icon-list-text\"><strong>WICHTIG<\/strong>  Je nach Wetterlage (z.B. Starkregen) kann sich ein Streckencharakter deutlich ver\u00e4ndern.<\/span>\n\t\t\t\t\t\t\t\t\t<\/li>\n\t\t\t\t\t\t<\/ul>\n\t\t\t\t\t\t<\/div>\n\t\t\t\t<\/div>\n\t\t\t\t\t<\/div>\n\t\t<\/div>\n\t\t\t\t\t<\/div>\n\t\t<\/section>\n\t\t\t\t<section class=\"elementor-section elementor-top-section elementor-element elementor-element-67f8e7ec elementor-section-boxed elementor-section-height-default elementor-section-height-default\" data-id=\"67f8e7ec\" data-element_type=\"section\" data-e-type=\"section\" data-settings=\"{&quot;background_background&quot;:&quot;classic&quot;,&quot;shape_divider_bottom&quot;:&quot;tilt&quot;}\">\n\t\t\t\t\t<div class=\"elementor-shape elementor-shape-bottom\" aria-hidden=\"true\" data-negative=\"false\">\n\t\t\t<svg xmlns=\"http:\/\/www.w3.org\/2000\/svg\" viewBox=\"0 0 1000 100\" preserveAspectRatio=\"none\">\n\t<path class=\"elementor-shape-fill\" d=\"M0,6V0h1000v100L0,6z\"\/>\n<\/svg>\t\t<\/div>\n\t\t\t\t\t<div class=\"elementor-container elementor-column-gap-no\">\n\t\t\t\t\t<div class=\"elementor-column elementor-col-33 elementor-top-column elementor-element elementor-element-43ec6381\" data-id=\"43ec6381\" data-element_type=\"column\" data-e-type=\"column\">\n\t\t\t<div class=\"elementor-widget-wrap elementor-element-populated\">\n\t\t\t\t\t\t<div class=\"elementor-element elementor-element-61f45d66 elementor-cta--skin-cover elementor-cta--valign-middle elementor-widget elementor-widget-call-to-action\" data-id=\"61f45d66\" data-element_type=\"widget\" data-e-type=\"widget\" data-widget_type=\"call-to-action.default\">\n\t\t\t\t<div class=\"elementor-widget-container\">\n\t\t\t\t\t\t\t<div class=\"elementor-cta\">\n\t\t\t\t\t<div class=\"elementor-cta__bg-wrapper\">\n\t\t\t\t<div class=\"elementor-cta__bg elementor-bg\" style=\"background-image: url(https:\/\/suv4me.de\/wp-content\/uploads\/2020\/04\/SUV-Touren-Schnuppertour-S\u00fcdvogesen-3.jpg);\" role=\"img\" aria-label=\"SUV-Touren-Schnuppertour-S\u00fcdvogesen-3\"><\/div>\n\t\t\t\t<div class=\"elementor-cta__bg-overlay\"><\/div>\n\t\t\t<\/div>\n\t\t\t\t\t\t\t<div class=\"elementor-cta__content\">\n\t\t\t\t\n\t\t\t\t\t\t\t\t\t<h2 class=\"elementor-cta__title elementor-cta__content-item elementor-content-item\">\n\t\t\t\t\t\tOffroad Schnuppertour S\u00fcdvogesen\t\t\t\t\t<\/h2>\n\t\t\t\t\n\t\t\t\t\t\t\t\t\t<div class=\"elementor-cta__description elementor-cta__content-item elementor-content-item\">\n\t\t\t\t\t\tSie haben bisher keine<br> oder nur wenig Off-Road Erfahrung?<br> Kein Problem mit unserer Schnuppertour. \t\t\t\t\t<\/div>\n\t\t\t\t\n\t\t\t\t\t\t\t\t\t<div class=\"elementor-cta__button-wrapper elementor-cta__content-item elementor-content-item \">\n\t\t\t\t\t<a class=\"elementor-cta__button elementor-button elementor-size-xs\" href=\"https:\/\/suv4me.de\/index.php\/2020\/04\/21\/offroad-schnuppertour-suedvogesen\/\">\n\t\t\t\t\t\tHier klicken\t\t\t\t\t<\/a>\n\t\t\t\t\t<\/div>\n\t\t\t\t\t\t\t<\/div>\n\t\t\t\t\t\t<\/div>\n\t\t\t\t\t\t<\/div>\n\t\t\t\t<\/div>\n\t\t\t\t\t<\/div>\n\t\t<\/div>\n\t\t\t\t<div class=\"elementor-column elementor-col-33 elementor-top-column elementor-element elementor-element-7c1289fe\" data-id=\"7c1289fe\" data-element_type=\"column\" data-e-type=\"column\">\n\t\t\t<div class=\"elementor-widget-wrap elementor-element-populated\">\n\t\t\t\t\t\t<div class=\"elementor-element elementor-element-4537bbcd elementor-cta--skin-cover elementor-cta--valign-middle elementor-widget elementor-widget-call-to-action\" data-id=\"4537bbcd\" data-element_type=\"widget\" data-e-type=\"widget\" data-widget_type=\"call-to-action.default\">\n\t\t\t\t<div class=\"elementor-widget-container\">\n\t\t\t\t\t\t\t<div class=\"elementor-cta\">\n\t\t\t\t\t<div class=\"elementor-cta__bg-wrapper\">\n\t\t\t\t<div class=\"elementor-cta__bg elementor-bg\" style=\"background-image: url(https:\/\/suv4me.de\/wp-content\/uploads\/2020\/03\/IMG_6047.png);\" role=\"img\" aria-label=\"IMG_6047\"><\/div>\n\t\t\t\t<div class=\"elementor-cta__bg-overlay\"><\/div>\n\t\t\t<\/div>\n\t\t\t\t\t\t\t<div class=\"elementor-cta__content\">\n\t\t\t\t\n\t\t\t\t\t\t\t\t\t<h2 class=\"elementor-cta__title elementor-cta__content-item elementor-content-item\">\n\t\t\t\t\t\tOffroad Schnuppertour Mecklenburg-Vorpommern\t\t\t\t\t<\/h2>\n\t\t\t\t\n\t\t\t\t\t\t\t\t\t<div class=\"elementor-cta__description elementor-cta__content-item elementor-content-item\">\n\t\t\t\t\t\tEine Tour f\u00fcr alle<br> ohne Offroad-Erfahrung\t\t\t\t\t<\/div>\n\t\t\t\t\n\t\t\t\t\t\t\t\t\t<div class=\"elementor-cta__button-wrapper elementor-cta__content-item elementor-content-item \">\n\t\t\t\t\t<a class=\"elementor-cta__button elementor-button elementor-size-xs\" href=\"https:\/\/suv4me.de\/index.php\/2020\/01\/20\/schnuppertour\/\">\n\t\t\t\t\t\tHier klicken\t\t\t\t\t<\/a>\n\t\t\t\t\t<\/div>\n\t\t\t\t\t\t\t<\/div>\n\t\t\t\t\t\t<\/div>\n\t\t\t\t\t\t<\/div>\n\t\t\t\t<\/div>\n\t\t\t\t\t<\/div>\n\t\t<\/div>\n\t\t\t\t<div class=\"elementor-column elementor-col-33 elementor-top-column elementor-element elementor-element-21459220\" data-id=\"21459220\" data-element_type=\"column\" data-e-type=\"column\">\n\t\t\t<div class=\"elementor-widget-wrap elementor-element-populated\">\n\t\t\t\t\t\t<div class=\"elementor-element elementor-element-52cf736e elementor-cta--skin-cover elementor-cta--valign-middle elementor-widget elementor-widget-call-to-action\" data-id=\"52cf736e\" data-element_type=\"widget\" data-e-type=\"widget\" data-widget_type=\"call-to-action.default\">\n\t\t\t\t<div class=\"elementor-widget-container\">\n\t\t\t\t\t\t\t<div class=\"elementor-cta\">\n\t\t\t\t\t<div class=\"elementor-cta__bg-wrapper\">\n\t\t\t\t<div class=\"elementor-cta__bg elementor-bg\" style=\"background-image: url(https:\/\/suv4me.de\/wp-content\/uploads\/2020\/04\/SUV-Touren-Schl\u00f6ssertour-Mecklenburg-Vorpommern-Brandenburg-10.jpg);\" role=\"img\" aria-label=\"SUV-Touren-Schl\u00f6ssertour-Mecklenburg-Vorpommern-Brandenburg-10\"><\/div>\n\t\t\t\t<div class=\"elementor-cta__bg-overlay\"><\/div>\n\t\t\t<\/div>\n\t\t\t\t\t\t\t<div class=\"elementor-cta__content\">\n\t\t\t\t\n\t\t\t\t\t\t\t\t\t<h2 class=\"elementor-cta__title elementor-cta__content-item elementor-content-item\">\n\t\t\t\t\t\tSchl\u00f6ssertour in<br> Mecklenburg-Vorpommern\t\t\t\t\t<\/h2>\n\t\t\t\t\n\t\t\t\t\t\t\t\t\t<div class=\"elementor-cta__description elementor-cta__content-item elementor-content-item\">\n\t\t\t\t\t\t\u00dcber Schotterwege<br> von Schloss zu Schloss<br> mit dem eigenen SUV\t\t\t\t\t<\/div>\n\t\t\t\t\n\t\t\t\t\t\t\t\t\t<div class=\"elementor-cta__button-wrapper elementor-cta__content-item elementor-content-item \">\n\t\t\t\t\t<a class=\"elementor-cta__button elementor-button elementor-size-xs\" href=\"https:\/\/suv4me.de\/index.php\/2020\/04\/21\/schlossertour\/\">\n\t\t\t\t\t\tHier klicken\t\t\t\t\t<\/a>\n\t\t\t\t\t<\/div>\n\t\t\t\t\t\t\t<\/div>\n\t\t\t\t\t\t<\/div>\n\t\t\t\t\t\t<\/div>\n\t\t\t\t<\/div>\n\t\t\t\t\t<\/div>\n\t\t<\/div>\n\t\t\t\t\t<\/div>\n\t\t<\/section>\n\t\t\t\t<section class=\"elementor-section elementor-top-section elementor-element elementor-element-31e1e6da elementor-section-boxed elementor-section-height-default elementor-section-height-default\" data-id=\"31e1e6da\" data-element_type=\"section\" data-e-type=\"section\">\n\t\t\t\t\t\t<div class=\"elementor-container elementor-column-gap-default\">\n\t\t\t\t\t<div class=\"elementor-column elementor-col-100 elementor-top-column elementor-element elementor-element-73553e3a\" data-id=\"73553e3a\" data-element_type=\"column\" data-e-type=\"column\">\n\t\t\t<div class=\"elementor-widget-wrap elementor-element-populated\">\n\t\t\t\t\t\t<div class=\"elementor-element elementor-element-2d0d179b elementor-widget elementor-widget-heading\" data-id=\"2d0d179b\" data-element_type=\"widget\" data-e-type=\"widget\" data-widget_type=\"heading.default\">\n\t\t\t\t<div class=\"elementor-widget-container\">\n\t\t\t\t\t<h2 class=\"elementor-heading-title elementor-size-default\">Unsere <strong>Angebote<\/strong><\/h2>\t\t\t\t<\/div>\n\t\t\t\t<\/div>\n\t\t\t\t<div class=\"elementor-element elementor-element-794541a6 elementor-widget-divider--view-line elementor-widget elementor-widget-divider\" data-id=\"794541a6\" data-element_type=\"widget\" data-e-type=\"widget\" data-widget_type=\"divider.default\">\n\t\t\t\t<div class=\"elementor-widget-container\">\n\t\t\t\t\t\t\t<div class=\"elementor-divider\">\n\t\t\t<span class=\"elementor-divider-separator\">\n\t\t\t\t\t\t<\/span>\n\t\t<\/div>\n\t\t\t\t\t\t<\/div>\n\t\t\t\t<\/div>\n\t\t\t\t<div class=\"elementor-element elementor-element-7ebb823 elementor-widget elementor-widget-text-editor\" data-id=\"7ebb823\" data-element_type=\"widget\" data-e-type=\"widget\" data-widget_type=\"text-editor.default\">\n\t\t\t\t<div class=\"elementor-widget-container\">\n\t\t\t\t\t\t\t\t\t<p>Derzeit bieten wir leider keine schweren Touren an.<\/p>\t\t\t\t\t\t\t\t<\/div>\n\t\t\t\t<\/div>\n\t\t\t\t\t<\/div>\n\t\t<\/div>\n\t\t\t\t\t<\/div>\n\t\t<\/section>\n\t\t\t\t<\/div>\n\t\t","protected":false},"excerpt":{"rendered":"<p>Schwere Touren Unsere schweren Touren Eine Offroad-Ausr\u00fcstung (Anfahrhilfen, Bergegurt, Winde etc.) ist nicht erforderlich. Wir bewegen uns auf Wald- und Feldwegen, Sandpisten und feinen Schotterpisten. Buschber\u00fchrung ist nicht zu erwarten. A\/T Reifen empfohlen Geeignet f\u00fcr SUV und Gel\u00e4ndewagen. WICHTIG Je nach Wetterlage (z.B. Starkregen) kann sich ein Streckencharakter deutlich ver\u00e4ndern. Offroad Schnuppertour S\u00fcdvogesen Sie haben [&hellip;]<\/p>\n","protected":false},"author":3,"featured_media":0,"parent":0,"menu_order":0,"comment_status":"closed","ping_status":"closed","template":"elementor_header_footer","meta":{"footnotes":""},"class_list":["post-199","page","type-page","status-publish","hentry"],"yoast_head":"<!-- This site is optimized with the Yoast SEO plugin v27.3 - https:\/\/yoast.com\/product\/yoast-seo-wordpress\/ -->\n<title>Schwere Touren - suv4me<\/title>\n<meta name=\"description\" content=\"Erfahren sie hier mehr \u00fcber schwere Offroad Touren. Es gibt verschiedene Strecken mit verschiedenen Schwierigkeitsgraden. Erfahren sie hier mehr \u00fcber...\" \/>\n<meta name=\"robots\" content=\"noindex, follow, max-snippet:-1, max-image-preview:large, max-video-preview:-1\" \/>\n<meta property=\"og:locale\" content=\"de_DE\" \/>\n<meta property=\"og:type\" content=\"article\" \/>\n<meta property=\"og:title\" content=\"Schwere Touren - suv4me\" \/>\n<meta property=\"og:description\" content=\"Erfahren sie hier mehr \u00fcber schwere Offroad Touren. Es gibt verschiedene Strecken mit verschiedenen Schwierigkeitsgraden. Erfahren sie hier mehr \u00fcber...\" \/>\n<meta property=\"og:url\" content=\"https:\/\/suv4me.de\/index.php\/aktivreisen\/\" \/>\n<meta property=\"og:site_name\" content=\"suv4me\" \/>\n<meta property=\"article:modified_time\" content=\"2020-05-25T10:23:07+00:00\" \/>\n<meta name=\"twitter:card\" content=\"summary_large_image\" \/>\n<meta name=\"twitter:label1\" content=\"Gesch\u00e4tzte Lesezeit\" \/>\n\t<meta name=\"twitter:data1\" content=\"1\u00a0Minute\" \/>\n<script type=\"application\/ld+json\" class=\"yoast-schema-graph\">{\"@context\":\"https:\\\/\\\/schema.org\",\"@graph\":[{\"@type\":\"WebPage\",\"@id\":\"https:\\\/\\\/suv4me.de\\\/index.php\\\/aktivreisen\\\/\",\"url\":\"https:\\\/\\\/suv4me.de\\\/index.php\\\/aktivreisen\\\/\",\"name\":\"Schwere Touren - suv4me\",\"isPartOf\":{\"@id\":\"https:\\\/\\\/suv4me.de\\\/#website\"},\"datePublished\":\"2020-01-10T12:19:19+00:00\",\"dateModified\":\"2020-05-25T10:23:07+00:00\",\"description\":\"Erfahren sie hier mehr \u00fcber schwere Offroad Touren. Es gibt verschiedene Strecken mit verschiedenen Schwierigkeitsgraden. Erfahren sie hier mehr \u00fcber...\",\"breadcrumb\":{\"@id\":\"https:\\\/\\\/suv4me.de\\\/index.php\\\/aktivreisen\\\/#breadcrumb\"},\"inLanguage\":\"de\",\"potentialAction\":[{\"@type\":\"ReadAction\",\"target\":[\"https:\\\/\\\/suv4me.de\\\/index.php\\\/aktivreisen\\\/\"]}]},{\"@type\":\"BreadcrumbList\",\"@id\":\"https:\\\/\\\/suv4me.de\\\/index.php\\\/aktivreisen\\\/#breadcrumb\",\"itemListElement\":[{\"@type\":\"ListItem\",\"position\":1,\"name\":\"Home\",\"item\":\"https:\\\/\\\/suv4me.de\\\/\"},{\"@type\":\"ListItem\",\"position\":2,\"name\":\"Schwere Touren\"}]},{\"@type\":\"WebSite\",\"@id\":\"https:\\\/\\\/suv4me.de\\\/#website\",\"url\":\"https:\\\/\\\/suv4me.de\\\/\",\"name\":\"suv4me\",\"description\":\"SUV 4 Fun\",\"publisher\":{\"@id\":\"https:\\\/\\\/suv4me.de\\\/#organization\"},\"potentialAction\":[{\"@type\":\"SearchAction\",\"target\":{\"@type\":\"EntryPoint\",\"urlTemplate\":\"https:\\\/\\\/suv4me.de\\\/?s={search_term_string}\"},\"query-input\":{\"@type\":\"PropertyValueSpecification\",\"valueRequired\":true,\"valueName\":\"search_term_string\"}}],\"inLanguage\":\"de\"},{\"@type\":\"Organization\",\"@id\":\"https:\\\/\\\/suv4me.de\\\/#organization\",\"name\":\"suv4me\",\"url\":\"https:\\\/\\\/suv4me.de\\\/\",\"logo\":{\"@type\":\"ImageObject\",\"inLanguage\":\"de\",\"@id\":\"https:\\\/\\\/suv4me.de\\\/#\\\/schema\\\/logo\\\/image\\\/\",\"url\":\"https:\\\/\\\/suv4me.de\\\/wp-content\\\/uploads\\\/2020\\\/01\\\/cropped-SUV_Logo-1.png\",\"contentUrl\":\"https:\\\/\\\/suv4me.de\\\/wp-content\\\/uploads\\\/2020\\\/01\\\/cropped-SUV_Logo-1.png\",\"width\":1001,\"height\":571,\"caption\":\"suv4me\"},\"image\":{\"@id\":\"https:\\\/\\\/suv4me.de\\\/#\\\/schema\\\/logo\\\/image\\\/\"}}]}<\/script>\n<!-- \/ Yoast SEO plugin. -->","yoast_head_json":{"title":"Schwere Touren - suv4me","description":"Erfahren sie hier mehr \u00fcber schwere Offroad Touren. Es gibt verschiedene Strecken mit verschiedenen Schwierigkeitsgraden. Erfahren sie hier mehr \u00fcber...","robots":{"index":"noindex","follow":"follow","max-snippet":"max-snippet:-1","max-image-preview":"max-image-preview:large","max-video-preview":"max-video-preview:-1"},"og_locale":"de_DE","og_type":"article","og_title":"Schwere Touren - suv4me","og_description":"Erfahren sie hier mehr \u00fcber schwere Offroad Touren. Es gibt verschiedene Strecken mit verschiedenen Schwierigkeitsgraden. Erfahren sie hier mehr \u00fcber...","og_url":"https:\/\/suv4me.de\/index.php\/aktivreisen\/","og_site_name":"suv4me","article_modified_time":"2020-05-25T10:23:07+00:00","twitter_card":"summary_large_image","twitter_misc":{"Gesch\u00e4tzte Lesezeit":"1\u00a0Minute"},"schema":{"@context":"https:\/\/schema.org","@graph":[{"@type":"WebPage","@id":"https:\/\/suv4me.de\/index.php\/aktivreisen\/","url":"https:\/\/suv4me.de\/index.php\/aktivreisen\/","name":"Schwere Touren - suv4me","isPartOf":{"@id":"https:\/\/suv4me.de\/#website"},"datePublished":"2020-01-10T12:19:19+00:00","dateModified":"2020-05-25T10:23:07+00:00","description":"Erfahren sie hier mehr \u00fcber schwere Offroad Touren. Es gibt verschiedene Strecken mit verschiedenen Schwierigkeitsgraden. Erfahren sie hier mehr \u00fcber...","breadcrumb":{"@id":"https:\/\/suv4me.de\/index.php\/aktivreisen\/#breadcrumb"},"inLanguage":"de","potentialAction":[{"@type":"ReadAction","target":["https:\/\/suv4me.de\/index.php\/aktivreisen\/"]}]},{"@type":"BreadcrumbList","@id":"https:\/\/suv4me.de\/index.php\/aktivreisen\/#breadcrumb","itemListElement":[{"@type":"ListItem","position":1,"name":"Home","item":"https:\/\/suv4me.de\/"},{"@type":"ListItem","position":2,"name":"Schwere Touren"}]},{"@type":"WebSite","@id":"https:\/\/suv4me.de\/#website","url":"https:\/\/suv4me.de\/","name":"suv4me","description":"SUV 4 Fun","publisher":{"@id":"https:\/\/suv4me.de\/#organization"},"potentialAction":[{"@type":"SearchAction","target":{"@type":"EntryPoint","urlTemplate":"https:\/\/suv4me.de\/?s={search_term_string}"},"query-input":{"@type":"PropertyValueSpecification","valueRequired":true,"valueName":"search_term_string"}}],"inLanguage":"de"},{"@type":"Organization","@id":"https:\/\/suv4me.de\/#organization","name":"suv4me","url":"https:\/\/suv4me.de\/","logo":{"@type":"ImageObject","inLanguage":"de","@id":"https:\/\/suv4me.de\/#\/schema\/logo\/image\/","url":"https:\/\/suv4me.de\/wp-content\/uploads\/2020\/01\/cropped-SUV_Logo-1.png","contentUrl":"https:\/\/suv4me.de\/wp-content\/uploads\/2020\/01\/cropped-SUV_Logo-1.png","width":1001,"height":571,"caption":"suv4me"},"image":{"@id":"https:\/\/suv4me.de\/#\/schema\/logo\/image\/"}}]}},"_links":{"self":[{"href":"https:\/\/suv4me.de\/index.php\/wp-json\/wp\/v2\/pages\/199","targetHints":{"allow":["GET"]}}],"collection":[{"href":"https:\/\/suv4me.de\/index.php\/wp-json\/wp\/v2\/pages"}],"about":[{"href":"https:\/\/suv4me.de\/index.php\/wp-json\/wp\/v2\/types\/page"}],"author":[{"embeddable":true,"href":"https:\/\/suv4me.de\/index.php\/wp-json\/wp\/v2\/users\/3"}],"replies":[{"embeddable":true,"href":"https:\/\/suv4me.de\/index.php\/wp-json\/wp\/v2\/comments?post=199"}],"version-history":[{"count":21,"href":"https:\/\/suv4me.de\/index.php\/wp-json\/wp\/v2\/pages\/199\/revisions"}],"predecessor-version":[{"id":1452,"href":"https:\/\/suv4me.de\/index.php\/wp-json\/wp\/v2\/pages\/199\/revisions\/1452"}],"wp:attachment":[{"href":"https:\/\/suv4me.de\/index.php\/wp-json\/wp\/v2\/media?parent=199"}],"curies":[{"name":"wp","href":"https:\/\/api.w.org\/{rel}","templated":true}]}}