{"id":1492,"date":"2020-06-16T14:09:02","date_gmt":"2020-06-16T14:09:02","guid":{"rendered":"https:\/\/suv4me.de\/?page_id=1492"},"modified":"2020-06-16T14:09:40","modified_gmt":"2020-06-16T14:09:40","slug":"impressum","status":"publish","type":"page","link":"https:\/\/suv4me.de\/index.php\/impressum\/","title":{"rendered":"Impressum"},"content":{"rendered":"\t\t<div data-elementor-type=\"wp-page\" data-elementor-id=\"1492\" class=\"elementor elementor-1492\" data-elementor-post-type=\"page\">\n\t\t\t\t\t\t<section class=\"elementor-section elementor-top-section elementor-element elementor-element-26a45c9 elementor-section-boxed elementor-section-height-default elementor-section-height-default\" data-id=\"26a45c9\" data-element_type=\"section\" data-e-type=\"section\">\n\t\t\t\t\t\t<div class=\"elementor-container elementor-column-gap-default\">\n\t\t\t\t\t<div class=\"elementor-column elementor-col-100 elementor-top-column elementor-element elementor-element-4edfaea\" data-id=\"4edfaea\" data-element_type=\"column\" data-e-type=\"column\">\n\t\t\t<div class=\"elementor-widget-wrap elementor-element-populated\">\n\t\t\t\t\t\t<div class=\"elementor-element elementor-element-7fecc7b elementor-widget elementor-widget-heading\" data-id=\"7fecc7b\" data-element_type=\"widget\" data-e-type=\"widget\" data-widget_type=\"heading.default\">\n\t\t\t\t<div class=\"elementor-widget-container\">\n\t\t\t\t\t<h1 class=\"elementor-heading-title elementor-size-default\">Impressum<\/h1>\t\t\t\t<\/div>\n\t\t\t\t<\/div>\n\t\t\t\t<div class=\"elementor-element elementor-element-dd3bbab elementor-widget elementor-widget-text-editor\" data-id=\"dd3bbab\" data-element_type=\"widget\" data-e-type=\"widget\" data-widget_type=\"text-editor.default\">\n\t\t\t\t<div class=\"elementor-widget-container\">\n\t\t\t\t\t\t\t\t\t<h2 class=\"elementor-heading-title elementor-size-default elementor-inline-editing pen\" contenteditable=\"true\" spellcheck=\"false\" data-elementor-setting-key=\"title\" data-pen-placeholder=\"Eingabe hier...\" data-gramm=\"false\">Puderbach &amp; Wienczny GbR\u200b<\/h2>\t\t\t\t\t\t\t\t<\/div>\n\t\t\t\t<\/div>\n\t\t\t\t<div class=\"elementor-element elementor-element-c074241 elementor-widget elementor-widget-text-editor\" data-id=\"c074241\" data-element_type=\"widget\" data-e-type=\"widget\" data-widget_type=\"text-editor.default\">\n\t\t\t\t<div class=\"elementor-widget-container\">\n\t\t\t\t\t\t\t\t\t<p>vertreten durch die Gesellschafter Andy Puderbach und Stephan Wienczny<br \/>Westring 223b<br \/>44579 Castrop-Rauxel<br \/>DEUTSCHLAND<br \/><strong>Telefon:<\/strong>\u00a0(02305) 76004000<br \/><strong>Telefax:<\/strong>\u00a0(02305) 76004200<br \/><strong>Email:<\/strong>\u00a0info@ybm-deutschland.de<br \/><strong>USt-ID-Nr.:<\/strong>\u00a0DE266339402<\/p><h3>Rechtliche Hinweise zur Webseite<\/h3><p>Alle Texte, Bilder und weitere hier ver\u00f6ffentlichte\u00a0Informationen unterliegen dem Urheberrecht des Seitenbetreibers, soweit nicht Urheberrechte Dritter bestehen. In jedem Fall ist eine Vervielf\u00e4ltigung, Verbreitung oder \u00f6ffentliche Wiedergabe ausschlie\u00dflich im Falle einer widerruflichen und nicht \u00fcbertragbaren Zustimmung des Seitenbetreibers gestattet.<\/p><p>Linksetzungen, welche auf die Inhalte der vorliegenden Website verweisen, bed\u00fcrfen der Zustimmung des Seitenbetreibers. Eine solche Zustimmung ist bei jeder grundlegenden Ver\u00e4nderung des Webseiteninhaltes neu zu beantragen, sie kann jederzeit formlos widerrufen werden. Eine Verlinkung auf illegale, anst\u00f6\u00dfige, irref\u00fchrende, diffamierende oder nicht jugendfreie Inhalte ist in jedem Fall ausgeschlossen.<\/p><p>Die Inhalte unserer Webseite werden mit gr\u00f6\u00dfter Sorgfalt erstellt. Dennoch kann keine Garantie f\u00fcr Aktualit\u00e4t und Vollst\u00e4ndigkeit \u00fcbernommen werden.<\/p><p>F\u00fcr alle mittels Querverweis (Link) verbundenen Webinhalte \u00fcbernimmt der Seitenbetreiber keine Verantwortung, da es sich dabei um keine eigenen Inhalte handelt. Externe Links wurden auf rechtswidrige Inhalte \u00fcberpr\u00fcft, zum jeweiligen Zeitpunkt waren solche nicht erkennbar. Bez\u00fcglich fremder Inhalte besteht jedoch keine allgemeine \u00dcberwachungs- und Pr\u00fcfungspflicht.<\/p><p>Aufgef\u00fchrte Warenzeichen und Markennamen sind Eigentum ihrer jeweiligen Inhaber.<\/p>\t\t\t\t\t\t\t\t<\/div>\n\t\t\t\t<\/div>\n\t\t\t\t\t<\/div>\n\t\t<\/div>\n\t\t\t\t\t<\/div>\n\t\t<\/section>\n\t\t\t\t<\/div>\n\t\t","protected":false},"excerpt":{"rendered":"<p>Impressum Puderbach &amp; Wienczny GbR\u200b vertreten durch die Gesellschafter Andy Puderbach und Stephan WiencznyWestring 223b44579 Castrop-RauxelDEUTSCHLANDTelefon:\u00a0(02305) 76004000Telefax:\u00a0(02305) 76004200Email:\u00a0info@ybm-deutschland.deUSt-ID-Nr.:\u00a0DE266339402 Rechtliche Hinweise zur Webseite Alle Texte, Bilder und weitere hier ver\u00f6ffentlichte\u00a0Informationen unterliegen dem Urheberrecht des Seitenbetreibers, soweit nicht Urheberrechte Dritter bestehen. In jedem Fall ist eine Vervielf\u00e4ltigung, Verbreitung oder \u00f6ffentliche Wiedergabe ausschlie\u00dflich im Falle einer widerruflichen und [&hellip;]<\/p>\n","protected":false},"author":3,"featured_media":0,"parent":0,"menu_order":0,"comment_status":"closed","ping_status":"closed","template":"elementor_header_footer","meta":{"footnotes":""},"class_list":["post-1492","page","type-page","status-publish","hentry"],"yoast_head":"<!-- This site is optimized with the Yoast SEO plugin v27.3 - https:\/\/yoast.com\/product\/yoast-seo-wordpress\/ -->\n<title>Impressum - suv4me<\/title>\n<meta name=\"robots\" content=\"noindex, follow, max-snippet:-1, max-image-preview:large, max-video-preview:-1\" \/>\n<meta property=\"og:locale\" content=\"de_DE\" \/>\n<meta property=\"og:type\" content=\"article\" \/>\n<meta property=\"og:title\" content=\"Impressum - suv4me\" \/>\n<meta property=\"og:description\" content=\"Impressum Puderbach &amp; Wienczny GbR\u200b vertreten durch die Gesellschafter Andy Puderbach und Stephan WiencznyWestring 223b44579 Castrop-RauxelDEUTSCHLANDTelefon:\u00a0(02305) 76004000Telefax:\u00a0(02305) 76004200Email:\u00a0info@ybm-deutschland.deUSt-ID-Nr.:\u00a0DE266339402 Rechtliche Hinweise zur Webseite Alle Texte, Bilder und weitere hier ver\u00f6ffentlichte\u00a0Informationen unterliegen dem Urheberrecht des Seitenbetreibers, soweit nicht Urheberrechte Dritter bestehen. In jedem Fall ist eine Vervielf\u00e4ltigung, Verbreitung oder \u00f6ffentliche Wiedergabe ausschlie\u00dflich im Falle einer widerruflichen und [&hellip;]\" \/>\n<meta property=\"og:url\" content=\"https:\/\/suv4me.de\/index.php\/impressum\/\" \/>\n<meta property=\"og:site_name\" content=\"suv4me\" \/>\n<meta property=\"article:modified_time\" content=\"2020-06-16T14:09:40+00:00\" \/>\n<meta name=\"twitter:card\" content=\"summary_large_image\" \/>\n<meta name=\"twitter:label1\" content=\"Gesch\u00e4tzte Lesezeit\" \/>\n\t<meta name=\"twitter:data1\" content=\"1\u00a0Minute\" \/>\n<script type=\"application\/ld+json\" class=\"yoast-schema-graph\">{\"@context\":\"https:\\\/\\\/schema.org\",\"@graph\":[{\"@type\":\"WebPage\",\"@id\":\"https:\\\/\\\/suv4me.de\\\/index.php\\\/impressum\\\/\",\"url\":\"https:\\\/\\\/suv4me.de\\\/index.php\\\/impressum\\\/\",\"name\":\"Impressum - suv4me\",\"isPartOf\":{\"@id\":\"https:\\\/\\\/suv4me.de\\\/#website\"},\"datePublished\":\"2020-06-16T14:09:02+00:00\",\"dateModified\":\"2020-06-16T14:09:40+00:00\",\"breadcrumb\":{\"@id\":\"https:\\\/\\\/suv4me.de\\\/index.php\\\/impressum\\\/#breadcrumb\"},\"inLanguage\":\"de\",\"potentialAction\":[{\"@type\":\"ReadAction\",\"target\":[\"https:\\\/\\\/suv4me.de\\\/index.php\\\/impressum\\\/\"]}]},{\"@type\":\"BreadcrumbList\",\"@id\":\"https:\\\/\\\/suv4me.de\\\/index.php\\\/impressum\\\/#breadcrumb\",\"itemListElement\":[{\"@type\":\"ListItem\",\"position\":1,\"name\":\"Home\",\"item\":\"https:\\\/\\\/suv4me.de\\\/\"},{\"@type\":\"ListItem\",\"position\":2,\"name\":\"Impressum\"}]},{\"@type\":\"WebSite\",\"@id\":\"https:\\\/\\\/suv4me.de\\\/#website\",\"url\":\"https:\\\/\\\/suv4me.de\\\/\",\"name\":\"suv4me\",\"description\":\"SUV 4 Fun\",\"publisher\":{\"@id\":\"https:\\\/\\\/suv4me.de\\\/#organization\"},\"potentialAction\":[{\"@type\":\"SearchAction\",\"target\":{\"@type\":\"EntryPoint\",\"urlTemplate\":\"https:\\\/\\\/suv4me.de\\\/?s={search_term_string}\"},\"query-input\":{\"@type\":\"PropertyValueSpecification\",\"valueRequired\":true,\"valueName\":\"search_term_string\"}}],\"inLanguage\":\"de\"},{\"@type\":\"Organization\",\"@id\":\"https:\\\/\\\/suv4me.de\\\/#organization\",\"name\":\"suv4me\",\"url\":\"https:\\\/\\\/suv4me.de\\\/\",\"logo\":{\"@type\":\"ImageObject\",\"inLanguage\":\"de\",\"@id\":\"https:\\\/\\\/suv4me.de\\\/#\\\/schema\\\/logo\\\/image\\\/\",\"url\":\"https:\\\/\\\/suv4me.de\\\/wp-content\\\/uploads\\\/2020\\\/01\\\/cropped-SUV_Logo-1.png\",\"contentUrl\":\"https:\\\/\\\/suv4me.de\\\/wp-content\\\/uploads\\\/2020\\\/01\\\/cropped-SUV_Logo-1.png\",\"width\":1001,\"height\":571,\"caption\":\"suv4me\"},\"image\":{\"@id\":\"https:\\\/\\\/suv4me.de\\\/#\\\/schema\\\/logo\\\/image\\\/\"}}]}<\/script>\n<!-- \/ Yoast SEO plugin. -->","yoast_head_json":{"title":"Impressum - suv4me","robots":{"index":"noindex","follow":"follow","max-snippet":"max-snippet:-1","max-image-preview":"max-image-preview:large","max-video-preview":"max-video-preview:-1"},"og_locale":"de_DE","og_type":"article","og_title":"Impressum - suv4me","og_description":"Impressum Puderbach &amp; Wienczny GbR\u200b vertreten durch die Gesellschafter Andy Puderbach und Stephan WiencznyWestring 223b44579 Castrop-RauxelDEUTSCHLANDTelefon:\u00a0(02305) 76004000Telefax:\u00a0(02305) 76004200Email:\u00a0info@ybm-deutschland.deUSt-ID-Nr.:\u00a0DE266339402 Rechtliche Hinweise zur Webseite Alle Texte, Bilder und weitere hier ver\u00f6ffentlichte\u00a0Informationen unterliegen dem Urheberrecht des Seitenbetreibers, soweit nicht Urheberrechte Dritter bestehen. In jedem Fall ist eine Vervielf\u00e4ltigung, Verbreitung oder \u00f6ffentliche Wiedergabe ausschlie\u00dflich im Falle einer widerruflichen und [&hellip;]","og_url":"https:\/\/suv4me.de\/index.php\/impressum\/","og_site_name":"suv4me","article_modified_time":"2020-06-16T14:09:40+00:00","twitter_card":"summary_large_image","twitter_misc":{"Gesch\u00e4tzte Lesezeit":"1\u00a0Minute"},"schema":{"@context":"https:\/\/schema.org","@graph":[{"@type":"WebPage","@id":"https:\/\/suv4me.de\/index.php\/impressum\/","url":"https:\/\/suv4me.de\/index.php\/impressum\/","name":"Impressum - suv4me","isPartOf":{"@id":"https:\/\/suv4me.de\/#website"},"datePublished":"2020-06-16T14:09:02+00:00","dateModified":"2020-06-16T14:09:40+00:00","breadcrumb":{"@id":"https:\/\/suv4me.de\/index.php\/impressum\/#breadcrumb"},"inLanguage":"de","potentialAction":[{"@type":"ReadAction","target":["https:\/\/suv4me.de\/index.php\/impressum\/"]}]},{"@type":"BreadcrumbList","@id":"https:\/\/suv4me.de\/index.php\/impressum\/#breadcrumb","itemListElement":[{"@type":"ListItem","position":1,"name":"Home","item":"https:\/\/suv4me.de\/"},{"@type":"ListItem","position":2,"name":"Impressum"}]},{"@type":"WebSite","@id":"https:\/\/suv4me.de\/#website","url":"https:\/\/suv4me.de\/","name":"suv4me","description":"SUV 4 Fun","publisher":{"@id":"https:\/\/suv4me.de\/#organization"},"potentialAction":[{"@type":"SearchAction","target":{"@type":"EntryPoint","urlTemplate":"https:\/\/suv4me.de\/?s={search_term_string}"},"query-input":{"@type":"PropertyValueSpecification","valueRequired":true,"valueName":"search_term_string"}}],"inLanguage":"de"},{"@type":"Organization","@id":"https:\/\/suv4me.de\/#organization","name":"suv4me","url":"https:\/\/suv4me.de\/","logo":{"@type":"ImageObject","inLanguage":"de","@id":"https:\/\/suv4me.de\/#\/schema\/logo\/image\/","url":"https:\/\/suv4me.de\/wp-content\/uploads\/2020\/01\/cropped-SUV_Logo-1.png","contentUrl":"https:\/\/suv4me.de\/wp-content\/uploads\/2020\/01\/cropped-SUV_Logo-1.png","width":1001,"height":571,"caption":"suv4me"},"image":{"@id":"https:\/\/suv4me.de\/#\/schema\/logo\/image\/"}}]}},"_links":{"self":[{"href":"https:\/\/suv4me.de\/index.php\/wp-json\/wp\/v2\/pages\/1492","targetHints":{"allow":["GET"]}}],"collection":[{"href":"https:\/\/suv4me.de\/index.php\/wp-json\/wp\/v2\/pages"}],"about":[{"href":"https:\/\/suv4me.de\/index.php\/wp-json\/wp\/v2\/types\/page"}],"author":[{"embeddable":true,"href":"https:\/\/suv4me.de\/index.php\/wp-json\/wp\/v2\/users\/3"}],"replies":[{"embeddable":true,"href":"https:\/\/suv4me.de\/index.php\/wp-json\/wp\/v2\/comments?post=1492"}],"version-history":[{"count":2,"href":"https:\/\/suv4me.de\/index.php\/wp-json\/wp\/v2\/pages\/1492\/revisions"}],"predecessor-version":[{"id":1494,"href":"https:\/\/suv4me.de\/index.php\/wp-json\/wp\/v2\/pages\/1492\/revisions\/1494"}],"wp:attachment":[{"href":"https:\/\/suv4me.de\/index.php\/wp-json\/wp\/v2\/media?parent=1492"}],"curies":[{"name":"wp","href":"https:\/\/api.w.org\/{rel}","templated":true}]}}