{"id":1488,"date":"2020-06-16T14:05:01","date_gmt":"2020-06-16T14:05:01","guid":{"rendered":"https:\/\/suv4me.de\/?page_id=1488"},"modified":"2020-06-16T14:05:48","modified_gmt":"2020-06-16T14:05:48","slug":"agb","status":"publish","type":"page","link":"https:\/\/suv4me.de\/index.php\/agb\/","title":{"rendered":"AGB"},"content":{"rendered":"\t\t<div data-elementor-type=\"wp-page\" data-elementor-id=\"1488\" class=\"elementor elementor-1488\" data-elementor-post-type=\"page\">\n\t\t\t\t\t\t<section class=\"elementor-section elementor-top-section elementor-element elementor-element-59f6667 elementor-section-boxed elementor-section-height-default elementor-section-height-default\" data-id=\"59f6667\" data-element_type=\"section\" data-e-type=\"section\">\n\t\t\t\t\t\t<div class=\"elementor-container elementor-column-gap-default\">\n\t\t\t\t\t<div class=\"elementor-column elementor-col-100 elementor-top-column elementor-element elementor-element-940307c\" data-id=\"940307c\" data-element_type=\"column\" data-e-type=\"column\">\n\t\t\t<div class=\"elementor-widget-wrap elementor-element-populated\">\n\t\t\t\t\t\t<div class=\"elementor-element elementor-element-ce874a1 elementor-widget elementor-widget-heading\" data-id=\"ce874a1\" data-element_type=\"widget\" data-e-type=\"widget\" data-widget_type=\"heading.default\">\n\t\t\t\t<div class=\"elementor-widget-container\">\n\t\t\t\t\t<h1 class=\"elementor-heading-title elementor-size-default\">Allgemeine Gesch\u00e4ftsbedingungen<\/h1>\t\t\t\t<\/div>\n\t\t\t\t<\/div>\n\t\t\t\t<div class=\"elementor-element elementor-element-7a24793 elementor-widget elementor-widget-text-editor\" data-id=\"7a24793\" data-element_type=\"widget\" data-e-type=\"widget\" data-widget_type=\"text-editor.default\">\n\t\t\t\t<div class=\"elementor-widget-container\">\n\t\t\t\t\t\t\t\t\t<h2>Allgemeine Gesch\u00e4ftsbedingungen<\/h2><p>\u00a7\u00a01 Geltungsbereich<\/p><p>(1) Das Angebot auf der Internetseite\u00a0www.barcodeshipping.de\u00a0der Puderbach &amp; Wienczy GbR, Westring 223b, 44579 Castrop-Rauxel (nachfolgend auch Anbieter genannt) richtet sich ausschlie\u00dflich an vollj\u00e4hrige und unbeschr\u00e4nkt gesch\u00e4ftsf\u00e4hige Unternehmer sowie juristische Personen des \u00f6ffentlichen Rechts oder \u00f6ffentlich-rechtliche Sonderverm\u00f6gen (nachfolgend auch Kunden genannt).<\/p><p>(2) Alle Leistungen und Angebote auf der Internetseite erfolgen ausschlie\u00dflich aufgrund dieser Allgemeinen Gesch\u00e4ftsbedingungen. Diese sind Bestandteil aller Vertr\u00e4ge, die der Anbieter mit seinen Kunden \u00fcber die angebotenen Leistungen schlie\u00dft. Sie gelten auch f\u00fcr alle zuk\u00fcnftigen Leistungen oder Angebote an den Kunden, selbst wenn sie nicht nochmals gesondert vereinbart werden.<\/p><p>(3) Gesch\u00e4ftsbedingungen des Kunden finden keine Anwendung, auch wenn der Anbieter ihrer Geltung im Einzelfall nicht gesondert widerspricht. Selbst wenn der Anbieter Bezug auf ein Schreiben nimmt, das Gesch\u00e4ftsbedingungen des Kunden enth\u00e4lt oder auf solche verweist, liegt darin kein Einverst\u00e4ndnis mit der Geltung jener Gesch\u00e4ftsbedingungen.<\/p><p>(4) Der Kunde ist verpflichtet, sich einen umfassenden \u00dcberblick \u00fcber die Funktion und Bedienung der Internetseite und den dort gemachten Angeboten bzw. Leistungen zu verschaffen. Hierzu wird auch auf die Erl\u00e4uterungstexte und Leistungsbeschreibungen auf der Internetseite verwiesen. Die Inhalte der Erl\u00e4uterungstexte, wie z.B. Installationshinweise, und Leistungsbeschreibungen gelten erg\u00e4nzend zu den nachfolgenden Gesch\u00e4ftsbedingungen und werden vom Kunden als Vertragsbestandteil akzeptiert.<\/p><h3>\u00a7\u00a02 Vertragsgegenstand<\/h3><p>Gegenstand dieses Vertrags ist die Bereitstellung der gem\u00e4\u00df der Leistungsbeschreibung unter\u00a0<a href=\"https:\/\/www.barcodeshipping.de\/leistungsbeschreibung\/\">Leistungsbeschreibung<\/a>\u00a0vereinbarten Softwareanwendung (im Folgenden auch bei Mehrzahl \u201eAnwendung\u201c genannt) zur Nutzung ihrer Funktionalit\u00e4ten, die technische Erm\u00f6glichung der Nutzung der Anwendung durch eine dem Kunden bereitgestellte Zugriffssoftware (im Folgenden \u201eZugriffssoftware\u201c genannt) sowie die Einr\u00e4umung bzw. Vermittlung von Nutzungsrechten an der Anwendung und Zugriffssoftware sowie die Bereitstellung von Speicherplatz f\u00fcr die vom Kunden durch Nutzung der Anwendung erzeugten und\/oder die zur Nutzung der Anwendung erforderlichen Daten (im Folgenden \u201eAnwendungsdaten\u201c genannt) durch den Anbieter gegen\u00fcber dem Kunden gegen Zahlung der vereinbarten Verg\u00fctung.<\/p><h3>\u00a7\u00a03 Vertragsschluss<\/h3><p>(1) Die Angebote auf der Internetseite des Anbieters stellen eine unverbindliche Aufforderung an den Kunden dar, eine Bestellung vorzunehmen. Der Kunde gibt nach Eingabe der erforderlichen Daten bei der Registrierung auf der Internetseite, dem Ausw\u00e4hlen der gew\u00fcnschten Softwareanwendung und dem Anklicken des Bestellbuttons \u201ekostenpflichtig bestellen\u201c ein verbindliches Angebot auf Abschluss eines Vertrags ab. Anschlie\u00dfend erh\u00e4lt der Kunde eine Best\u00e4tigungs-E-Mail von dem Anbieter, in der noch einmal alle wichtigen Angaben zu der Bestellung zusammengefasst sind. Diese E-Mail stellt noch keine Annahme des Angebots dar.<\/p><p>(2) Der Anbieter ist berechtigt, das Angebot innerhalb von 2 Werktagen unter Zusendung einer Auftragsbest\u00e4tigung per E-Mail anzunehmen. Nach fruchtlosem Ablauf dieser Frist gilt das Angebot des Kunden als abgelehnt, d.h. der Kunde ist nicht l\u00e4nger an sein Angebot gebunden.<\/p><h3>\u00a7\u00a04 Kundeninformation: Korrekturhinweise, Vertragssprache Deutsch<\/h3><p>(1) Der Kunde kann seine Eingaben vor Abgabe der verbindlichen Bestellung jederzeit mit der L\u00f6schtaste berichtigen. Den Bestellprozess kann er zudem auch jederzeit durch Schlie\u00dfen des Browser-Fensters komplett beenden.<\/p><p>(2) Die Vertragssprache ist Deutsch.<\/p><h3>\u00a7\u00a05 Kundeninformation: Speicherung Ihrer Bestelldaten<\/h3><p>Die Bestellung des Kunden wird mit allen Einzelheiten zum geschlossenen Vertrag von uns gespeichert. Die AGB schicken wir dem Kunden mit der Best\u00e4tigungs-E-Mail zu; auch k\u00f6nnen die AGB nach Vertragsschluss jederzeit \u00fcber unsere Webseite unter dem https:\/\/www.barcodeshipping.de\/agb aufrufen.<\/p><h3>\u00a7\u00a06 Bereitstellung von Anwendung und Speicherplatz f\u00fcr Anwendungsdaten<\/h3><p>(1) Der Anbieter h\u00e4lt ab dem Zugang der Auftragsbest\u00e4tigungs-E-Mail auf einer zentralen Datenverarbeitungsanlage oder mehreren Datenverarbeitungsanlagen, (im Folgenden auch bei Mehrzahl \u201eServer\u201c genannt) die gebuchte Anwendung in der jeweils aktuellen Version zur Nutzung nach Ma\u00dfgabe der nachfolgenden Regelungen bereit.<\/p><p>(2) Sofern und soweit mit der Bereitstellung einer neuen Version oder einer \u00c4nderung eine \u00c4nderung von Funktionalit\u00e4ten der Anwendung, durch die Anwendung unterst\u00fctzten Arbeitsabl\u00e4ufen des Kunden und\/oder Beschr\u00e4nkungen in der Verwendbarkeit bisher erzeugter Daten einhergehen, wird der Anbieter dies dem Kunden sp\u00e4testens sechs Wochen vor dem Wirksamwerden einer solchen \u00c4nderung schriftlich ank\u00fcndigen. Widerspricht der Kunde der \u00c4nderung nicht schriftlich innerhalb einer Frist von zwei Wochen ab Zugang der \u00c4nderungsmitteilung, wird die \u00c4nderung Vertragsbestandteil. Der Anbieter wird den Kunden bei jeder Ank\u00fcndigung von \u00c4nderungen auf die vorgenannte Frist und die Rechtsfolgen ihres Verstreichens bei Nichtwahrnehmung der Widerspruchsm\u00f6glichkeit aufmerksam machen.<\/p><p>(3) Der Anbieter h\u00e4lt auf dem Server ab Vertragsschluss gem\u00e4\u00df \u00a7\u00a03 f\u00fcr die Anwendungsdaten Speicherplatz bereit.<\/p><p>(4) Die Anwendung und die Anwendungsdaten werden auf dem Server regelm\u00e4\u00dfig, mindestens kalendert\u00e4glich, gesichert. F\u00fcr die Einhaltung handels- und steuerrechtlicher Aufbewahrungsfristen ist der Kunde verantwortlich.<\/p><p>(5) \u00dcbergabepunkt f\u00fcr die Anwendung und die Anwendungsdaten ist der Routerausgang des Rechenzentrums des Anbieters bzw. des von diesem beauftragten Dritten.<\/p><p>(6) Der Kunde hat die in der Leistungsbeschreibung gemachten Hard- und Softwareanforderungen (<a href=\"https:\/\/www.barcodeshipping.de\/leistungsbeschreibung\/\">Leistungsbeschreibung<\/a>) zu erf\u00fcllen. F\u00fcr \u00c4nderungen am technischen System des Anbieters gilt die Widerspruchsl\u00f6sung des Abs.\u00a03 Unterabs.\u00a02 entsprechend. F\u00fcr die Beschaffenheit der erforderlichen Hard- und Software auf Seiten des Kunden sowie f\u00fcr die Telekommunikationsverbindung zwischen dem Kunden und dem Anbieter bis zum \u00dcbergabepunkt ist der Anbieter nicht verantwortlich.<\/p><h3>\u00a7\u00a07 Zugriffssoftware<\/h3><p>(1) Der Anbieter stellt dem Kunden die erforderliche Zugriffssoftware, mit der der Kunde auf den Server zugreifen kann, in seinem Kundenbereich auf der Internetseite zur Verf\u00fcgung. Die hierf\u00fcr erforderlichen Zugangsdaten erh\u00e4lt der Kunde mit der Auftragsbest\u00e4tigungs-E-Mail zugesendet.<\/p><p>(2) Der Zugriff auf den Server erfolgt ausschlie\u00dflich mit der vom Anbieter zur Verf\u00fcgung gestellten Zugriffssoftware \u00fcber die Internetseite des Anbieters.<\/p><h3>\u00a7\u00a08 Technische Verf\u00fcgbarkeit der Anwendung und des Zugriffs auf die Anwendungsdaten<\/h3><p>Der Anbieter gew\u00e4hrleistet f\u00fcr die von ihm vertraglich geschuldeten Leistungen gem\u00e4\u00df \u00a7\u00a02 dieser AGB eine Verf\u00fcgbarkeit von 99 % im Monatsmittel. Nicht in die Berechnung der Verf\u00fcgbarkeit fallen die regul\u00e4ren Wartungsfenster f\u00fcr die Anwendung und Server, die jeden Sonntag, zwischen 2:00 und 4:00 Uhr liegen.<\/p><h3>\u00a7\u00a09 Nutzungsrechte an und Nutzung der Zugriffssoftware und der Anwendung<\/h3><h3>(1) Nutzungsrechte an der Zugriffssoftware und der Anwendung<\/h3><p>(a) Der Kunde erh\u00e4lt an der Zugriffssoftware und der Anwendung einfache (nicht unterlizenzierbare und nicht \u00fcbertragbare), auf die Laufzeit dieses Vertrages beschr\u00e4nkte Nutzungsrechte nach Ma\u00dfgabe der nachstehenden Regelungen.<\/p><p>(b) Der Kunde nutzt die Zugriffssoftware nur f\u00fcr den Zugriff auf den Server, um die Anwendung auf dem Server zu nutzen. Eine \u00dcberlassung der Anwendung an den Kunden erfolgt nicht. Der Kunde darf die Zugriffssoftware und die Anwendung nur f\u00fcr seine eigenen gesch\u00e4ftlichen T\u00e4tigkeiten nutzen.<\/p><p>(c) Der Kunde ist nicht berechtigt, \u00c4nderungen an der Zugriffssoftware oder der Anwendung vorzunehmen. Dies gilt nicht f\u00fcr \u00c4nderungen, die f\u00fcr die Berichtigung von Fehlern notwendig sind, sofern der Anbieter sich mit der Behebung des Fehlers in Verzug befindet, die Fehlerbeseitigung ablehnt oder wegen der Er\u00f6ffnung des Insolvenzverfahrens zur Fehlerbeseitigung au\u00dfer Stande ist.<\/p><p>(d) Sofern der Anbieter w\u00e4hrend der Laufzeit neue Versionen, Updates, Upgrades oder andere Neulieferungen im Hinblick auf die Zugriffssoftware und\/oder die Anwendung vornimmt, gelten die vorstehenden Rechte auch f\u00fcr diese.<\/p><p>(e) Rechte, die vorstehend nicht ausdr\u00fccklich dem Kunden einger\u00e4umt werden, stehen dem Kunden nicht zu. Der Kunde ist insb. nicht berechtigt, die Zugriffssoftware und\/oder die Anwendung \u00fcber die vereinbarte Nutzung hinaus zu nutzen oder von Dritten nutzen zu lassen oder die Zugriffssoftware oder die Anwendung Dritten zug\u00e4nglich zu machen. Insb. ist es nicht gestattet, die Zugriffssoftware oder die Anwendung zu vervielf\u00e4ltigen, zu ver\u00e4u\u00dfern oder zeitlich begrenzt zu \u00fcberlassen, insb. nicht zu vermieten oder zu verleihen.<\/p><p>(2) Verpflichtungen des Kunden zur sicheren Nutzung<\/p><p>(a) Der Kunde trifft die notwendigen Vorkehrungen, die Nutzung der Zugriffssoftware und der Anwendung durch Unbefugte zu verhindern.<\/p><p>(b) Der Kunde haftet daf\u00fcr, dass die Zugriffssoftware und die Anwendung nicht zu gesetzeswidrigen oder gegen beh\u00f6rdliche Vorschriften oder Auflagen versto\u00dfenden Zwecken verwendet oder entsprechende Daten, insb. Anwendungsdaten, erstellt und\/oder auf dem Server gespeichert werden.<\/p><p>(c) Im Falle eines verschuldeten Versto\u00dfes gegen die Regelungen in Abs. 2 (a) und (b) steht dem Anbieter gegen den Kunden ein Anspruch auf Schadenersatz zu.<\/p><h3>\u00a7\u00a010\u00a0Verg\u00fctung und Zahlung<\/h3><p>(1) Die Verg\u00fctung gilt f\u00fcr die auf der Internetseite gebuchte Anwendung und die dort genannte Vertragslaufzeit inkl. s\u00e4mtlicher dort beschriebener Leistungen. Die Preise verstehen sich in EURO zuz\u00fcglich der gesetzlichen Mehrwertsteuer.<\/p><p>(2) Die Zahlung erfolgt auf Rechnung, welche dem Kunden per Post zugesendet wird. Der Rechnungsbetrag ist sp\u00e4testens 10 Tage nach Rechnungsdatum auf das von dem Anbieter angegebene Konto zu \u00fcberweisen.<\/p><h3>\u00a7\u00a011 Datensicherheit, Datenschutz<\/h3><p>(1) Die Parteien werden die jeweils anwendbaren, insb. die in Deutschland g\u00fcltigen, datenschutzrechtlichen Bestimmungen beachten und ihre im Zusammenhang mit dem Vertrag und dessen Durchf\u00fchrung eingesetzten Besch\u00e4ftigten auf das Datengeheimnis nach \u00a7\u00a05 BDSG verpflichten, soweit diese nicht bereits allgemein entsprechend verpflichtet sind.<\/p><p>(2) Der Anbieter wird aufgrund der von ihm zur Verf\u00fcgung gestellten Anwendung keine personenbezogenen Daten Dritter, die der Kunde mittels der Anwendung auf seinen eigenen Rechnern generiert, verarbeiten. Sollte der Kunde durch einen vertragswidrigen Gebrauch der Anwendung derartige Daten auf den Servern des Anbieters verarbeiten lassen, so haftet er hierf\u00fcr. Von evtl. Anspr\u00fcchen Dritter stellt er den Anbieter frei.<\/p><p>(3) Die Anwendung wird auf dem Server eines in Deutschland ans\u00e4ssigen Drittanbieters gehostet, der ebenfalls vollumf\u00e4nglich den deutschen Datenschutzbestimmungen unterliegt.<\/p><h3>\u00a7\u00a012 Laufzeit, K\u00fcndigung<\/h3><p>(1) Sofern bei der Bestellung nichts anderes auf der Internetseite angeben wurde, gilt f\u00fcr die bestellte Softwareanwendung eine Mindestvertragslaufzeit von vierundzwanzig (24) Monaten, beginnend mit der Zusendung der Auftragsbest\u00e4tigungs-E-Mail.<\/p><p>(2) Ab dem Ablauf der Mindestvertragslaufzeit verl\u00e4ngert sich der Vertrag jeweils automatisch um Verl\u00e4ngerungsperioden von jeweils zw\u00f6lf (12) Monaten, sofern nicht eine Partei den Vertrag unter Einhaltung einer K\u00fcndigungsfrist von drei Monaten vor Ablauf der Mindestvertragslaufzeit bzw. der jeweiligen Verl\u00e4ngerungsperiode k\u00fcndigt.<\/p><p>(3) Mit Wirksamwerden der K\u00fcndigung endet das Vertragsverh\u00e4ltnis und der Kunde darf seinen Zugang nicht mehr nutzen.<\/p><h3>\u00a7\u00a013 Pflichten bei Beendigung des Vertrags<\/h3><p>Der Kunde ist mit rechtlicher Beendigung des Vertrags, nicht jedoch vor Erf\u00fcllung der Verpflichtungen des Anbieters nach Abs.\u00a01 und 2, verpflichtet, dem Anbieter s\u00e4mtliche Kopien der Zugriffssoftware auf seinen eigenen DV-Einrichtungen zu l\u00f6schen.<\/p><h3>\u00a7\u00a014 H\u00f6here Gewalt<\/h3><p>Keine der Parteien ist zur Erf\u00fcllung der vertraglichen Verpflichtungen im Fall und f\u00fcr die Dauer h\u00f6herer Gewalt verpflichtet. Insb. folgende Umst\u00e4nde sind als h\u00f6here Gewalt in diesem Sinne anzusehen:<\/p><ul><li>von der Partei nicht zu vertretende(s) Feuer\/Explosion\/\u00dcberschwemmung,<\/li><li>Krieg, Meuterei, Blockade, Embargo,<\/li><li>\u00dcber 6 Wochen andauernder und von der Partei nicht schuldhaft herbeigef\u00fchrter Arbeitskampf,<\/li><li>nicht von einer Partei beeinflussbare technische Probleme des Internets; dies gilt nicht, sofern und soweit der Anbieter die Telekommunikationsleistung mit anbietet.<\/li><\/ul><p>Jede Partei hat die andere \u00fcber den Eintritt eines Falls h\u00f6herer Gewalt unverz\u00fcglich mittels Textform (\u00a7 126 b BGB) in Kenntnis zu setzen.<\/p><h3>\u00a7\u00a015 Haftung, Haftungsgrenzen<\/h3><p>(1) Die Parteien haften einander bei Vorsatz oder grober Fahrl\u00e4ssigkeit f\u00fcr alle von ihnen sowie ihren gesetzlichen Vertretern oder Erf\u00fcllungsgehilfen verursachten Sch\u00e4den unbeschr\u00e4nkt.<\/p><p>(2) Bei leichter Fahrl\u00e4ssigkeit haften die Parteien im Fall der Verletzung des Lebens, des K\u00f6rpers oder der Gesundheit unbeschr\u00e4nkt.<\/p><p>(3) Im \u00dcbrigen haftet eine Partei nur, soweit sie eine wesentliche Vertragspflicht (\u201eKardinalpflicht\u201c) verletzt hat. Bei einer \u201eKardinalpflicht\u201c handelt es sich um eine Pflicht, deren Erf\u00fcllung die ordnungsgem\u00e4\u00dfe Durchf\u00fchrung der Vertragsbeziehung zwischen den Parteien erst m\u00f6glich macht, deren Verletzung die Erreichung des Vertragszwecks gef\u00e4hrdet und auf deren Einhaltung die andere Vertragspartei regelm\u00e4\u00dfig vertraut. In diesen F\u00e4llen ist die Haftung auf den Ersatz des vorhersehbaren, typischerweise eintretenden Schaden beschr\u00e4nkt. Die verschuldensunabh\u00e4ngige Haftung des Anbieters auf Schadensersatz (\u00a7\u00a0536a BGB) f\u00fcr bei Vertragsschluss vorhandene M\u00e4ngel wird ausgeschlossen; Abs.\u00a01 und 2 dieser Alternative bleiben unber\u00fchrt.<\/p><p>(5) Die Haftung nach dem Produkthaftungsgesetz bleibt unber\u00fchrt.<\/p><h3>\u00a7\u00a016 Schlussbestimmungen<\/h3><p>(1) Auf das gesamte Vertragsverh\u00e4ltnis findet deutsches materielles Recht unter Ausschluss des UN-Kaufrechts Anwendung.<\/p><p>(2) Die etwaige Unwirksamkeit einzelner Bestimmungen dieser Allgemeinen Gesch\u00e4ftsbedingungen beeintr\u00e4chtigt nicht die G\u00fcltigkeit des \u00fcbrigen Vertragsinhalts.<\/p><p>(3) Ergeben sich in der praktischen Anwendung des geschlossenen Vertrags L\u00fccken, die die Vertragspartner nicht vorgesehen haben, oder wird die Unwirksamkeit einer Regelung iS von Abs.\u00a04 rechtskr\u00e4ftig oder von beiden Parteien \u00fcbereinstimmend festgestellt, so verpflichten sie sich, diese L\u00fccke oder unwirksame Regelung in sachlicher, am wirtschaftlichen Zweck des Vertrages orientierter angemessener Weise auszuf\u00fcllen bzw. zu ersetzen.<\/p><p>(4) Ist der Kunde Kaufmann, eine juristische Person des \u00f6ffentlichen Rechts oder \u00f6ffentlich-rechtlichen Sonderverm\u00f6gen, ist ausschlie\u00dflicher Gerichtsstand der Sitz des Anbieters.<\/p>\t\t\t\t\t\t\t\t<\/div>\n\t\t\t\t<\/div>\n\t\t\t\t\t<\/div>\n\t\t<\/div>\n\t\t\t\t\t<\/div>\n\t\t<\/section>\n\t\t\t\t<\/div>\n\t\t","protected":false},"excerpt":{"rendered":"<p>Allgemeine Gesch\u00e4ftsbedingungen Allgemeine Gesch\u00e4ftsbedingungen \u00a7\u00a01 Geltungsbereich (1) Das Angebot auf der Internetseite\u00a0www.barcodeshipping.de\u00a0der Puderbach &amp; Wienczy GbR, Westring 223b, 44579 Castrop-Rauxel (nachfolgend auch Anbieter genannt) richtet sich ausschlie\u00dflich an vollj\u00e4hrige und unbeschr\u00e4nkt gesch\u00e4ftsf\u00e4hige Unternehmer sowie juristische Personen des \u00f6ffentlichen Rechts oder \u00f6ffentlich-rechtliche Sonderverm\u00f6gen (nachfolgend auch Kunden genannt). (2) Alle Leistungen und Angebote auf der Internetseite erfolgen [&hellip;]<\/p>\n","protected":false},"author":3,"featured_media":0,"parent":0,"menu_order":0,"comment_status":"closed","ping_status":"closed","template":"elementor_header_footer","meta":{"footnotes":""},"class_list":["post-1488","page","type-page","status-publish","hentry"],"yoast_head":"<!-- This site is optimized with the Yoast SEO plugin v27.3 - https:\/\/yoast.com\/product\/yoast-seo-wordpress\/ -->\n<title>AGB - suv4me<\/title>\n<meta name=\"robots\" content=\"noindex, follow, max-snippet:-1, max-image-preview:large, max-video-preview:-1\" \/>\n<meta property=\"og:locale\" content=\"de_DE\" \/>\n<meta property=\"og:type\" content=\"article\" \/>\n<meta property=\"og:title\" content=\"AGB - suv4me\" \/>\n<meta property=\"og:description\" content=\"Allgemeine Gesch\u00e4ftsbedingungen Allgemeine Gesch\u00e4ftsbedingungen \u00a7\u00a01 Geltungsbereich (1) Das Angebot auf der Internetseite\u00a0www.barcodeshipping.de\u00a0der Puderbach &amp; Wienczy GbR, Westring 223b, 44579 Castrop-Rauxel (nachfolgend auch Anbieter genannt) richtet sich ausschlie\u00dflich an vollj\u00e4hrige und unbeschr\u00e4nkt gesch\u00e4ftsf\u00e4hige Unternehmer sowie juristische Personen des \u00f6ffentlichen Rechts oder \u00f6ffentlich-rechtliche Sonderverm\u00f6gen (nachfolgend auch Kunden genannt). (2) Alle Leistungen und Angebote auf der Internetseite erfolgen [&hellip;]\" \/>\n<meta property=\"og:url\" content=\"https:\/\/suv4me.de\/index.php\/agb\/\" \/>\n<meta property=\"og:site_name\" content=\"suv4me\" \/>\n<meta property=\"article:modified_time\" content=\"2020-06-16T14:05:48+00:00\" \/>\n<meta name=\"twitter:card\" content=\"summary_large_image\" \/>\n<meta name=\"twitter:label1\" content=\"Gesch\u00e4tzte Lesezeit\" \/>\n\t<meta name=\"twitter:data1\" content=\"10\u00a0Minuten\" \/>\n<script type=\"application\/ld+json\" class=\"yoast-schema-graph\">{\"@context\":\"https:\\\/\\\/schema.org\",\"@graph\":[{\"@type\":\"WebPage\",\"@id\":\"https:\\\/\\\/suv4me.de\\\/index.php\\\/agb\\\/\",\"url\":\"https:\\\/\\\/suv4me.de\\\/index.php\\\/agb\\\/\",\"name\":\"AGB - suv4me\",\"isPartOf\":{\"@id\":\"https:\\\/\\\/suv4me.de\\\/#website\"},\"datePublished\":\"2020-06-16T14:05:01+00:00\",\"dateModified\":\"2020-06-16T14:05:48+00:00\",\"breadcrumb\":{\"@id\":\"https:\\\/\\\/suv4me.de\\\/index.php\\\/agb\\\/#breadcrumb\"},\"inLanguage\":\"de\",\"potentialAction\":[{\"@type\":\"ReadAction\",\"target\":[\"https:\\\/\\\/suv4me.de\\\/index.php\\\/agb\\\/\"]}]},{\"@type\":\"BreadcrumbList\",\"@id\":\"https:\\\/\\\/suv4me.de\\\/index.php\\\/agb\\\/#breadcrumb\",\"itemListElement\":[{\"@type\":\"ListItem\",\"position\":1,\"name\":\"Home\",\"item\":\"https:\\\/\\\/suv4me.de\\\/\"},{\"@type\":\"ListItem\",\"position\":2,\"name\":\"AGB\"}]},{\"@type\":\"WebSite\",\"@id\":\"https:\\\/\\\/suv4me.de\\\/#website\",\"url\":\"https:\\\/\\\/suv4me.de\\\/\",\"name\":\"suv4me\",\"description\":\"SUV 4 Fun\",\"publisher\":{\"@id\":\"https:\\\/\\\/suv4me.de\\\/#organization\"},\"potentialAction\":[{\"@type\":\"SearchAction\",\"target\":{\"@type\":\"EntryPoint\",\"urlTemplate\":\"https:\\\/\\\/suv4me.de\\\/?s={search_term_string}\"},\"query-input\":{\"@type\":\"PropertyValueSpecification\",\"valueRequired\":true,\"valueName\":\"search_term_string\"}}],\"inLanguage\":\"de\"},{\"@type\":\"Organization\",\"@id\":\"https:\\\/\\\/suv4me.de\\\/#organization\",\"name\":\"suv4me\",\"url\":\"https:\\\/\\\/suv4me.de\\\/\",\"logo\":{\"@type\":\"ImageObject\",\"inLanguage\":\"de\",\"@id\":\"https:\\\/\\\/suv4me.de\\\/#\\\/schema\\\/logo\\\/image\\\/\",\"url\":\"https:\\\/\\\/suv4me.de\\\/wp-content\\\/uploads\\\/2020\\\/01\\\/cropped-SUV_Logo-1.png\",\"contentUrl\":\"https:\\\/\\\/suv4me.de\\\/wp-content\\\/uploads\\\/2020\\\/01\\\/cropped-SUV_Logo-1.png\",\"width\":1001,\"height\":571,\"caption\":\"suv4me\"},\"image\":{\"@id\":\"https:\\\/\\\/suv4me.de\\\/#\\\/schema\\\/logo\\\/image\\\/\"}}]}<\/script>\n<!-- \/ Yoast SEO plugin. -->","yoast_head_json":{"title":"AGB - suv4me","robots":{"index":"noindex","follow":"follow","max-snippet":"max-snippet:-1","max-image-preview":"max-image-preview:large","max-video-preview":"max-video-preview:-1"},"og_locale":"de_DE","og_type":"article","og_title":"AGB - suv4me","og_description":"Allgemeine Gesch\u00e4ftsbedingungen Allgemeine Gesch\u00e4ftsbedingungen \u00a7\u00a01 Geltungsbereich (1) Das Angebot auf der Internetseite\u00a0www.barcodeshipping.de\u00a0der Puderbach &amp; Wienczy GbR, Westring 223b, 44579 Castrop-Rauxel (nachfolgend auch Anbieter genannt) richtet sich ausschlie\u00dflich an vollj\u00e4hrige und unbeschr\u00e4nkt gesch\u00e4ftsf\u00e4hige Unternehmer sowie juristische Personen des \u00f6ffentlichen Rechts oder \u00f6ffentlich-rechtliche Sonderverm\u00f6gen (nachfolgend auch Kunden genannt). (2) Alle Leistungen und Angebote auf der Internetseite erfolgen [&hellip;]","og_url":"https:\/\/suv4me.de\/index.php\/agb\/","og_site_name":"suv4me","article_modified_time":"2020-06-16T14:05:48+00:00","twitter_card":"summary_large_image","twitter_misc":{"Gesch\u00e4tzte Lesezeit":"10\u00a0Minuten"},"schema":{"@context":"https:\/\/schema.org","@graph":[{"@type":"WebPage","@id":"https:\/\/suv4me.de\/index.php\/agb\/","url":"https:\/\/suv4me.de\/index.php\/agb\/","name":"AGB - suv4me","isPartOf":{"@id":"https:\/\/suv4me.de\/#website"},"datePublished":"2020-06-16T14:05:01+00:00","dateModified":"2020-06-16T14:05:48+00:00","breadcrumb":{"@id":"https:\/\/suv4me.de\/index.php\/agb\/#breadcrumb"},"inLanguage":"de","potentialAction":[{"@type":"ReadAction","target":["https:\/\/suv4me.de\/index.php\/agb\/"]}]},{"@type":"BreadcrumbList","@id":"https:\/\/suv4me.de\/index.php\/agb\/#breadcrumb","itemListElement":[{"@type":"ListItem","position":1,"name":"Home","item":"https:\/\/suv4me.de\/"},{"@type":"ListItem","position":2,"name":"AGB"}]},{"@type":"WebSite","@id":"https:\/\/suv4me.de\/#website","url":"https:\/\/suv4me.de\/","name":"suv4me","description":"SUV 4 Fun","publisher":{"@id":"https:\/\/suv4me.de\/#organization"},"potentialAction":[{"@type":"SearchAction","target":{"@type":"EntryPoint","urlTemplate":"https:\/\/suv4me.de\/?s={search_term_string}"},"query-input":{"@type":"PropertyValueSpecification","valueRequired":true,"valueName":"search_term_string"}}],"inLanguage":"de"},{"@type":"Organization","@id":"https:\/\/suv4me.de\/#organization","name":"suv4me","url":"https:\/\/suv4me.de\/","logo":{"@type":"ImageObject","inLanguage":"de","@id":"https:\/\/suv4me.de\/#\/schema\/logo\/image\/","url":"https:\/\/suv4me.de\/wp-content\/uploads\/2020\/01\/cropped-SUV_Logo-1.png","contentUrl":"https:\/\/suv4me.de\/wp-content\/uploads\/2020\/01\/cropped-SUV_Logo-1.png","width":1001,"height":571,"caption":"suv4me"},"image":{"@id":"https:\/\/suv4me.de\/#\/schema\/logo\/image\/"}}]}},"_links":{"self":[{"href":"https:\/\/suv4me.de\/index.php\/wp-json\/wp\/v2\/pages\/1488","targetHints":{"allow":["GET"]}}],"collection":[{"href":"https:\/\/suv4me.de\/index.php\/wp-json\/wp\/v2\/pages"}],"about":[{"href":"https:\/\/suv4me.de\/index.php\/wp-json\/wp\/v2\/types\/page"}],"author":[{"embeddable":true,"href":"https:\/\/suv4me.de\/index.php\/wp-json\/wp\/v2\/users\/3"}],"replies":[{"embeddable":true,"href":"https:\/\/suv4me.de\/index.php\/wp-json\/wp\/v2\/comments?post=1488"}],"version-history":[{"count":2,"href":"https:\/\/suv4me.de\/index.php\/wp-json\/wp\/v2\/pages\/1488\/revisions"}],"predecessor-version":[{"id":1491,"href":"https:\/\/suv4me.de\/index.php\/wp-json\/wp\/v2\/pages\/1488\/revisions\/1491"}],"wp:attachment":[{"href":"https:\/\/suv4me.de\/index.php\/wp-json\/wp\/v2\/media?parent=1488"}],"curies":[{"name":"wp","href":"https:\/\/api.w.org\/{rel}","templated":true}]}}