{"id":107,"date":"2020-01-09T13:46:22","date_gmt":"2020-01-09T13:46:22","guid":{"rendered":"https:\/\/travivre.ybm.eu\/?page_id=107"},"modified":"2020-05-25T10:23:52","modified_gmt":"2020-05-25T10:23:52","slug":"travivre-wir-erleben-reisen","status":"publish","type":"page","link":"https:\/\/suv4me.de\/index.php\/travivre-wir-erleben-reisen\/","title":{"rendered":"Wer wir sind!"},"content":{"rendered":"\t\t<div data-elementor-type=\"wp-page\" data-elementor-id=\"107\" class=\"elementor elementor-107\" data-elementor-post-type=\"page\">\n\t\t\t\t\t\t<section class=\"elementor-section elementor-top-section elementor-element elementor-element-776c079 elementor-section-boxed elementor-section-height-default elementor-section-height-default\" data-id=\"776c079\" data-element_type=\"section\" data-e-type=\"section\" data-settings=\"{&quot;background_background&quot;:&quot;classic&quot;}\">\n\t\t\t\t\t\t<div class=\"elementor-container elementor-column-gap-default\">\n\t\t\t\t\t<div class=\"elementor-column elementor-col-100 elementor-top-column elementor-element elementor-element-4475a51\" data-id=\"4475a51\" data-element_type=\"column\" data-e-type=\"column\">\n\t\t\t<div class=\"elementor-widget-wrap elementor-element-populated\">\n\t\t\t\t\t\t<div class=\"elementor-element elementor-element-1f1dad5 elementor-widget elementor-widget-heading\" data-id=\"1f1dad5\" data-element_type=\"widget\" data-e-type=\"widget\" data-widget_type=\"heading.default\">\n\t\t\t\t<div class=\"elementor-widget-container\">\n\t\t\t\t\t<h2 class=\"elementor-heading-title elementor-size-default\">Wer <strong>wir<\/strong> sind!<\/h2>\t\t\t\t<\/div>\n\t\t\t\t<\/div>\n\t\t\t\t<div class=\"elementor-element elementor-element-6404dcc elementor-widget-divider--view-line elementor-widget elementor-widget-divider\" data-id=\"6404dcc\" data-element_type=\"widget\" data-e-type=\"widget\" data-widget_type=\"divider.default\">\n\t\t\t\t<div class=\"elementor-widget-container\">\n\t\t\t\t\t\t\t<div class=\"elementor-divider\">\n\t\t\t<span class=\"elementor-divider-separator\">\n\t\t\t\t\t\t<\/span>\n\t\t<\/div>\n\t\t\t\t\t\t<\/div>\n\t\t\t\t<\/div>\n\t\t\t\t<section class=\"elementor-section elementor-inner-section elementor-element elementor-element-aaaa068 elementor-section-boxed elementor-section-height-default elementor-section-height-default\" data-id=\"aaaa068\" data-element_type=\"section\" data-e-type=\"section\">\n\t\t\t\t\t\t<div class=\"elementor-container elementor-column-gap-wider\">\n\t\t\t\t\t<div class=\"elementor-column elementor-col-50 elementor-inner-column elementor-element elementor-element-d802f4d\" data-id=\"d802f4d\" data-element_type=\"column\" data-e-type=\"column\">\n\t\t\t<div class=\"elementor-widget-wrap elementor-element-populated\">\n\t\t\t\t\t\t<div class=\"elementor-element elementor-element-3c68330 elementor-widget elementor-widget-heading\" data-id=\"3c68330\" data-element_type=\"widget\" data-e-type=\"widget\" data-widget_type=\"heading.default\">\n\t\t\t\t<div class=\"elementor-widget-container\">\n\t\t\t\t\t<h2 class=\"elementor-heading-title elementor-size-default\"><strong>4x4 SUV-Touren,<\/strong> <br>von SUV f\u00fcr SUV<\/h2>\t\t\t\t<\/div>\n\t\t\t\t<\/div>\n\t\t\t\t<div class=\"elementor-element elementor-element-9b215d2 elementor-widget-divider--view-line elementor-widget elementor-widget-divider\" data-id=\"9b215d2\" data-element_type=\"widget\" data-e-type=\"widget\" data-widget_type=\"divider.default\">\n\t\t\t\t<div class=\"elementor-widget-container\">\n\t\t\t\t\t\t\t<div class=\"elementor-divider\">\n\t\t\t<span class=\"elementor-divider-separator\">\n\t\t\t\t\t\t<\/span>\n\t\t<\/div>\n\t\t\t\t\t\t<\/div>\n\t\t\t\t<\/div>\n\t\t\t\t<div class=\"elementor-element elementor-element-e11aa1b elementor-widget elementor-widget-text-editor\" data-id=\"e11aa1b\" data-element_type=\"widget\" data-e-type=\"widget\" data-widget_type=\"text-editor.default\">\n\t\t\t\t<div class=\"elementor-widget-container\">\n\t\t\t\t\t\t\t\t\t<p>Hier ist man eben nicht als einziger PKW unter sonst \u201eausgewachsenen\u201c Gel\u00e4ndewagen mit AT-Bereifung und Vollausstattung f\u00fcr das Gel\u00e4nde unterwegs. A Jeep is not a SUV and a SUV is not a Jeep. Ein Jeep ist l\u00e4ngst nicht so komfortabel und stra\u00dfentauglich wie ein SUV und ein SUV ist nicht so gel\u00e4ndeg\u00e4ngig wie ein Jeep. Dem wird bei den Touren entsprechend Rechnung getragen. Also keine Schlamml\u00f6cher oder dichtes Gestr\u00fcpp. Wir sind auf Sandpisten, Feld- und Waldwegen und Schotterpisten (Offroad) unterwegs. Die Touren wurden so geplant, dass m\u00f6glichst wenig Asphaltstrassen, daf\u00fcr m\u00f6glichst viele Nebenstrassen und \u201eOffroadpisten\u201c genutzt werden, die mit normalen Stra\u00dfenreifen zu schaffen sind. Allerdings sind wir in der Natur unterwegs und wetterbedingt k\u00f6nnen die Rahmenbedingungen schon mal eine Herausforderung (aufgeweichte Feldwege, Schnee, umgest\u00fcrzte B\u00e4ume) darstellen. Aber nat\u00fcrlich sind uns auch alle Jeep-Fahrer herzlich willkommen, die es etwas ruhiger und gem\u00fctlicher angehen lassen wollen.<\/p>\t\t\t\t\t\t\t\t<\/div>\n\t\t\t\t<\/div>\n\t\t\t\t\t<\/div>\n\t\t<\/div>\n\t\t\t\t<div class=\"elementor-column elementor-col-50 elementor-inner-column elementor-element elementor-element-f8ac231\" data-id=\"f8ac231\" data-element_type=\"column\" data-e-type=\"column\">\n\t\t\t<div class=\"elementor-widget-wrap elementor-element-populated\">\n\t\t\t\t\t\t<div class=\"elementor-element elementor-element-c7a5e4c elementor-widget elementor-widget-image\" data-id=\"c7a5e4c\" data-element_type=\"widget\" data-e-type=\"widget\" data-widget_type=\"image.default\">\n\t\t\t\t<div class=\"elementor-widget-container\">\n\t\t\t\t\t\t\t\t\t\t\t\t\t\t\t<img fetchpriority=\"high\" decoding=\"async\" width=\"1920\" height=\"1280\" src=\"https:\/\/suv4me.de\/wp-content\/uploads\/2020\/03\/wer_wir_sind.png\" class=\"attachment-full size-full wp-image-1011\" alt=\"\" srcset=\"https:\/\/suv4me.de\/wp-content\/uploads\/2020\/03\/wer_wir_sind.png 1920w, https:\/\/suv4me.de\/wp-content\/uploads\/2020\/03\/wer_wir_sind-300x200.png 300w, https:\/\/suv4me.de\/wp-content\/uploads\/2020\/03\/wer_wir_sind-1024x683.png 1024w, https:\/\/suv4me.de\/wp-content\/uploads\/2020\/03\/wer_wir_sind-768x512.png 768w, https:\/\/suv4me.de\/wp-content\/uploads\/2020\/03\/wer_wir_sind-1536x1024.png 1536w, https:\/\/suv4me.de\/wp-content\/uploads\/2020\/03\/wer_wir_sind-1200x800.png 1200w\" sizes=\"(max-width: 1920px) 100vw, 1920px\" \/>\t\t\t\t\t\t\t\t\t\t\t\t\t\t\t<\/div>\n\t\t\t\t<\/div>\n\t\t\t\t\t<\/div>\n\t\t<\/div>\n\t\t\t\t\t<\/div>\n\t\t<\/section>\n\t\t\t\t<section class=\"elementor-section elementor-inner-section elementor-element elementor-element-645685c elementor-section-boxed elementor-section-height-default elementor-section-height-default\" data-id=\"645685c\" data-element_type=\"section\" data-e-type=\"section\">\n\t\t\t\t\t\t<div class=\"elementor-container elementor-column-gap-wider\">\n\t\t\t\t\t<div class=\"elementor-column elementor-col-50 elementor-inner-column elementor-element elementor-element-c66ef65\" data-id=\"c66ef65\" data-element_type=\"column\" data-e-type=\"column\">\n\t\t\t<div class=\"elementor-widget-wrap elementor-element-populated\">\n\t\t\t\t\t\t<div class=\"elementor-element elementor-element-88b0bfe elementor-widget elementor-widget-image\" data-id=\"88b0bfe\" data-element_type=\"widget\" data-e-type=\"widget\" data-widget_type=\"image.default\">\n\t\t\t\t<div class=\"elementor-widget-container\">\n\t\t\t\t\t\t\t\t\t\t\t\t\t\t\t<img decoding=\"async\" width=\"1920\" height=\"1440\" src=\"https:\/\/suv4me.de\/wp-content\/uploads\/2020\/03\/wer_wir_sind_kroatien.png\" class=\"attachment-full size-full wp-image-1012\" alt=\"\" srcset=\"https:\/\/suv4me.de\/wp-content\/uploads\/2020\/03\/wer_wir_sind_kroatien.png 1920w, https:\/\/suv4me.de\/wp-content\/uploads\/2020\/03\/wer_wir_sind_kroatien-300x225.png 300w, https:\/\/suv4me.de\/wp-content\/uploads\/2020\/03\/wer_wir_sind_kroatien-1024x768.png 1024w, https:\/\/suv4me.de\/wp-content\/uploads\/2020\/03\/wer_wir_sind_kroatien-768x576.png 768w, https:\/\/suv4me.de\/wp-content\/uploads\/2020\/03\/wer_wir_sind_kroatien-1536x1152.png 1536w, https:\/\/suv4me.de\/wp-content\/uploads\/2020\/03\/wer_wir_sind_kroatien-1200x900.png 1200w\" sizes=\"(max-width: 1920px) 100vw, 1920px\" \/>\t\t\t\t\t\t\t\t\t\t\t\t\t\t\t<\/div>\n\t\t\t\t<\/div>\n\t\t\t\t\t<\/div>\n\t\t<\/div>\n\t\t\t\t<div class=\"elementor-column elementor-col-50 elementor-inner-column elementor-element elementor-element-02e7149\" data-id=\"02e7149\" data-element_type=\"column\" data-e-type=\"column\">\n\t\t\t<div class=\"elementor-widget-wrap elementor-element-populated\">\n\t\t\t\t\t\t<div class=\"elementor-element elementor-element-5594a66 elementor-widget elementor-widget-heading\" data-id=\"5594a66\" data-element_type=\"widget\" data-e-type=\"widget\" data-widget_type=\"heading.default\">\n\t\t\t\t<div class=\"elementor-widget-container\">\n\t\t\t\t\t<h2 class=\"elementor-heading-title elementor-size-default\"><strong>4x4<\/strong> wandern<\/h2>\t\t\t\t<\/div>\n\t\t\t\t<\/div>\n\t\t\t\t<div class=\"elementor-element elementor-element-0def25e elementor-widget-divider--view-line elementor-widget elementor-widget-divider\" data-id=\"0def25e\" data-element_type=\"widget\" data-e-type=\"widget\" data-widget_type=\"divider.default\">\n\t\t\t\t<div class=\"elementor-widget-container\">\n\t\t\t\t\t\t\t<div class=\"elementor-divider\">\n\t\t\t<span class=\"elementor-divider-separator\">\n\t\t\t\t\t\t<\/span>\n\t\t<\/div>\n\t\t\t\t\t\t<\/div>\n\t\t\t\t<\/div>\n\t\t\t\t<div class=\"elementor-element elementor-element-bbee89d elementor-widget elementor-widget-text-editor\" data-id=\"bbee89d\" data-element_type=\"widget\" data-e-type=\"widget\" data-widget_type=\"text-editor.default\">\n\t\t\t\t<div class=\"elementor-widget-container\">\n\t\t\t\t\t\t\t\t\t<p>SUV`s erfreuen sich einer immer gr\u00f6\u00dfer werdenden Beliebtheit, was nicht zuletzt daran liegt, dass ein SUV seinem Fahrer Sicherheit vermittelt. Sicherheit, jede Fahrsituation und auch mal schlechte Wegstrecken meistern zu k\u00f6nnen. Genau f\u00fcr diese Zielgruppe biete ich als Reiseveranstalter Offroadtouren an, aber mit einem g\u00e4nzlich anderem Konzept als heute etablierte Offroad-Reiseanbieter. Mein Konzept erm\u00f6glicht SUV-Fahrern, soweit irgend m\u00f6glich, material- und naturschonend abseits befestigter Stra\u00dfen ihren oft recht teuren SUV einmal Offroad bewegen zu k\u00f6nnen. Es sind Offroadtouren, die extra f\u00fcr SUV`s gescoutet wurden. Wo es eben keine Schlamml\u00f6cher oder \u201edichtes Gestr\u00fcpp\u201c zu durchqueren gilt. Ein Gro\u00dfteil der Touren kann auch mit normalen Stra\u00dfenreifen gefahren werden, so dass ein Teilnehmer nicht extra AT-Bereifung kaufen mu\u00df. Das Motto lautet \u201ecruisen, nicht rasen!\u201c Ich nenne es auch \u201e4\u00d74 wandern\u201c, um dabei die Weite und Sch\u00f6nheit der Natur genie\u00dfen zu k\u00f6nnen. Angeboten werden zum einen Wochentouren (Mecklenburg-Vorpommern, \u00d6sterreich, Kroatien) aber auch Offroad-Schnuppertouren \u00fcber zwei Tage. Alle Touren finden nicht an Wochenenden statt, um mit den anderen Naturliebhabern m\u00f6glichst nicht in Konflikt zu geraten.<\/p>\t\t\t\t\t\t\t\t<\/div>\n\t\t\t\t<\/div>\n\t\t\t\t\t<\/div>\n\t\t<\/div>\n\t\t\t\t\t<\/div>\n\t\t<\/section>\n\t\t\t\t\t<\/div>\n\t\t<\/div>\n\t\t\t\t\t<\/div>\n\t\t<\/section>\n\t\t\t\t<section class=\"elementor-section elementor-top-section elementor-element elementor-element-21c735e elementor-section-stretched elementor-section-full_width elementor-section-height-min-height elementor-section-height-default elementor-section-items-middle\" data-id=\"21c735e\" data-element_type=\"section\" data-e-type=\"section\" data-settings=\"{&quot;stretch_section&quot;:&quot;section-stretched&quot;,&quot;background_background&quot;:&quot;classic&quot;}\">\n\t\t\t\t\t\t\t<div class=\"elementor-background-overlay\"><\/div>\n\t\t\t\t\t\t\t<div class=\"elementor-container elementor-column-gap-default\">\n\t\t\t\t\t<div class=\"elementor-column elementor-col-100 elementor-top-column elementor-element elementor-element-eb9dcdb\" data-id=\"eb9dcdb\" data-element_type=\"column\" data-e-type=\"column\">\n\t\t\t<div class=\"elementor-widget-wrap elementor-element-populated\">\n\t\t\t\t\t\t<section class=\"elementor-section elementor-inner-section elementor-element elementor-element-f03cc14 elementor-section-boxed elementor-section-height-default elementor-section-height-default\" data-id=\"f03cc14\" data-element_type=\"section\" data-e-type=\"section\" data-settings=\"{&quot;background_background&quot;:&quot;classic&quot;}\">\n\t\t\t\t\t\t<div class=\"elementor-container elementor-column-gap-extended\">\n\t\t\t\t\t<div class=\"elementor-column elementor-col-100 elementor-inner-column elementor-element elementor-element-2fd1889\" data-id=\"2fd1889\" data-element_type=\"column\" data-e-type=\"column\" data-settings=\"{&quot;background_background&quot;:&quot;classic&quot;}\">\n\t\t\t<div class=\"elementor-widget-wrap elementor-element-populated\">\n\t\t\t\t\t\t<div class=\"elementor-element elementor-element-133dd21 elementor-widget elementor-widget-heading\" data-id=\"133dd21\" data-element_type=\"widget\" data-e-type=\"widget\" data-widget_type=\"heading.default\">\n\t\t\t\t<div class=\"elementor-widget-container\">\n\t\t\t\t\t<h2 class=\"elementor-heading-title elementor-size-default\">Der Weg ist das Ziel<\/h2>\t\t\t\t<\/div>\n\t\t\t\t<\/div>\n\t\t\t\t<div class=\"elementor-element elementor-element-e744d3b elementor-widget elementor-widget-text-editor\" data-id=\"e744d3b\" data-element_type=\"widget\" data-e-type=\"widget\" data-widget_type=\"text-editor.default\">\n\t\t\t\t<div class=\"elementor-widget-container\">\n\t\t\t\t\t\t\t\t\t<p>\u2013 Aus Freude am fahren und aus Freude an der Natur (und daher entsprechend r\u00fccksichtsvoll).<br \/>\u2013 Gef\u00fchrte 4\u00d74 Wanderungen \u00fcber Schotterpisten aber Reifen-, Material- und Natur schonend soweit m\u00f6glich. Cruisen, nicht rasen ist unsere Devise.<\/p>\t\t\t\t\t\t\t\t<\/div>\n\t\t\t\t<\/div>\n\t\t\t\t\t<\/div>\n\t\t<\/div>\n\t\t\t\t\t<\/div>\n\t\t<\/section>\n\t\t\t\t\t<\/div>\n\t\t<\/div>\n\t\t\t\t\t<\/div>\n\t\t<\/section>\n\t\t\t\t<\/div>\n\t\t","protected":false},"excerpt":{"rendered":"<p>Wer wir sind! 4&#215;4 SUV-Touren, von SUV f\u00fcr SUV Hier ist man eben nicht als einziger PKW unter sonst \u201eausgewachsenen\u201c Gel\u00e4ndewagen mit AT-Bereifung und Vollausstattung f\u00fcr das Gel\u00e4nde unterwegs. A Jeep is not a SUV and a SUV is not a Jeep. Ein Jeep ist l\u00e4ngst nicht so komfortabel und stra\u00dfentauglich wie ein SUV und [&hellip;]<\/p>\n","protected":false},"author":4,"featured_media":0,"parent":0,"menu_order":0,"comment_status":"closed","ping_status":"closed","template":"elementor_header_footer","meta":{"footnotes":""},"class_list":["post-107","page","type-page","status-publish","hentry"],"yoast_head":"<!-- This site is optimized with the Yoast SEO plugin v27.3 - https:\/\/yoast.com\/product\/yoast-seo-wordpress\/ -->\n<title>Wer wir sind! - suv4me<\/title>\n<meta name=\"description\" content=\"Sie wollte schon immer mal abseits der Stra\u00dfe mit ihrem SUV fahren? Besuchen sie unsere Webseite Suv4me und erfahren sie wer wir sind,\" \/>\n<meta name=\"robots\" content=\"noindex, follow, max-snippet:-1, max-image-preview:large, max-video-preview:-1\" \/>\n<meta property=\"og:locale\" content=\"de_DE\" \/>\n<meta property=\"og:type\" content=\"article\" \/>\n<meta property=\"og:title\" content=\"Wer wir sind! - suv4me\" \/>\n<meta property=\"og:description\" content=\"Sie wollte schon immer mal abseits der Stra\u00dfe mit ihrem SUV fahren? Besuchen sie unsere Webseite Suv4me und erfahren sie wer wir sind,\" \/>\n<meta property=\"og:url\" content=\"https:\/\/suv4me.de\/index.php\/travivre-wir-erleben-reisen\/\" \/>\n<meta property=\"og:site_name\" content=\"suv4me\" \/>\n<meta property=\"article:modified_time\" content=\"2020-05-25T10:23:52+00:00\" \/>\n<meta property=\"og:image\" content=\"https:\/\/suv4me.de\/wp-content\/uploads\/2020\/03\/wer_wir_sind.png\" \/>\n\t<meta property=\"og:image:width\" content=\"1920\" \/>\n\t<meta property=\"og:image:height\" content=\"1280\" \/>\n\t<meta property=\"og:image:type\" content=\"image\/png\" \/>\n<meta name=\"twitter:card\" content=\"summary_large_image\" \/>\n<meta name=\"twitter:label1\" content=\"Gesch\u00e4tzte Lesezeit\" \/>\n\t<meta name=\"twitter:data1\" content=\"2\u00a0Minuten\" \/>\n<script type=\"application\/ld+json\" class=\"yoast-schema-graph\">{\"@context\":\"https:\\\/\\\/schema.org\",\"@graph\":[{\"@type\":\"WebPage\",\"@id\":\"https:\\\/\\\/suv4me.de\\\/index.php\\\/travivre-wir-erleben-reisen\\\/\",\"url\":\"https:\\\/\\\/suv4me.de\\\/index.php\\\/travivre-wir-erleben-reisen\\\/\",\"name\":\"Wer wir sind! - suv4me\",\"isPartOf\":{\"@id\":\"https:\\\/\\\/suv4me.de\\\/#website\"},\"primaryImageOfPage\":{\"@id\":\"https:\\\/\\\/suv4me.de\\\/index.php\\\/travivre-wir-erleben-reisen\\\/#primaryimage\"},\"image\":{\"@id\":\"https:\\\/\\\/suv4me.de\\\/index.php\\\/travivre-wir-erleben-reisen\\\/#primaryimage\"},\"thumbnailUrl\":\"https:\\\/\\\/suv4me.de\\\/wp-content\\\/uploads\\\/2020\\\/03\\\/wer_wir_sind.png\",\"datePublished\":\"2020-01-09T13:46:22+00:00\",\"dateModified\":\"2020-05-25T10:23:52+00:00\",\"description\":\"Sie wollte schon immer mal abseits der Stra\u00dfe mit ihrem SUV fahren? Besuchen sie unsere Webseite Suv4me und erfahren sie wer wir sind,\",\"breadcrumb\":{\"@id\":\"https:\\\/\\\/suv4me.de\\\/index.php\\\/travivre-wir-erleben-reisen\\\/#breadcrumb\"},\"inLanguage\":\"de\",\"potentialAction\":[{\"@type\":\"ReadAction\",\"target\":[\"https:\\\/\\\/suv4me.de\\\/index.php\\\/travivre-wir-erleben-reisen\\\/\"]}]},{\"@type\":\"ImageObject\",\"inLanguage\":\"de\",\"@id\":\"https:\\\/\\\/suv4me.de\\\/index.php\\\/travivre-wir-erleben-reisen\\\/#primaryimage\",\"url\":\"https:\\\/\\\/suv4me.de\\\/wp-content\\\/uploads\\\/2020\\\/03\\\/wer_wir_sind.png\",\"contentUrl\":\"https:\\\/\\\/suv4me.de\\\/wp-content\\\/uploads\\\/2020\\\/03\\\/wer_wir_sind.png\",\"width\":1920,\"height\":1280},{\"@type\":\"BreadcrumbList\",\"@id\":\"https:\\\/\\\/suv4me.de\\\/index.php\\\/travivre-wir-erleben-reisen\\\/#breadcrumb\",\"itemListElement\":[{\"@type\":\"ListItem\",\"position\":1,\"name\":\"Home\",\"item\":\"https:\\\/\\\/suv4me.de\\\/\"},{\"@type\":\"ListItem\",\"position\":2,\"name\":\"Wer wir sind!\"}]},{\"@type\":\"WebSite\",\"@id\":\"https:\\\/\\\/suv4me.de\\\/#website\",\"url\":\"https:\\\/\\\/suv4me.de\\\/\",\"name\":\"suv4me\",\"description\":\"SUV 4 Fun\",\"publisher\":{\"@id\":\"https:\\\/\\\/suv4me.de\\\/#organization\"},\"potentialAction\":[{\"@type\":\"SearchAction\",\"target\":{\"@type\":\"EntryPoint\",\"urlTemplate\":\"https:\\\/\\\/suv4me.de\\\/?s={search_term_string}\"},\"query-input\":{\"@type\":\"PropertyValueSpecification\",\"valueRequired\":true,\"valueName\":\"search_term_string\"}}],\"inLanguage\":\"de\"},{\"@type\":\"Organization\",\"@id\":\"https:\\\/\\\/suv4me.de\\\/#organization\",\"name\":\"suv4me\",\"url\":\"https:\\\/\\\/suv4me.de\\\/\",\"logo\":{\"@type\":\"ImageObject\",\"inLanguage\":\"de\",\"@id\":\"https:\\\/\\\/suv4me.de\\\/#\\\/schema\\\/logo\\\/image\\\/\",\"url\":\"https:\\\/\\\/suv4me.de\\\/wp-content\\\/uploads\\\/2020\\\/01\\\/cropped-SUV_Logo-1.png\",\"contentUrl\":\"https:\\\/\\\/suv4me.de\\\/wp-content\\\/uploads\\\/2020\\\/01\\\/cropped-SUV_Logo-1.png\",\"width\":1001,\"height\":571,\"caption\":\"suv4me\"},\"image\":{\"@id\":\"https:\\\/\\\/suv4me.de\\\/#\\\/schema\\\/logo\\\/image\\\/\"}}]}<\/script>\n<!-- \/ Yoast SEO plugin. -->","yoast_head_json":{"title":"Wer wir sind! - suv4me","description":"Sie wollte schon immer mal abseits der Stra\u00dfe mit ihrem SUV fahren? Besuchen sie unsere Webseite Suv4me und erfahren sie wer wir sind,","robots":{"index":"noindex","follow":"follow","max-snippet":"max-snippet:-1","max-image-preview":"max-image-preview:large","max-video-preview":"max-video-preview:-1"},"og_locale":"de_DE","og_type":"article","og_title":"Wer wir sind! - suv4me","og_description":"Sie wollte schon immer mal abseits der Stra\u00dfe mit ihrem SUV fahren? Besuchen sie unsere Webseite Suv4me und erfahren sie wer wir sind,","og_url":"https:\/\/suv4me.de\/index.php\/travivre-wir-erleben-reisen\/","og_site_name":"suv4me","article_modified_time":"2020-05-25T10:23:52+00:00","og_image":[{"width":1920,"height":1280,"url":"https:\/\/suv4me.de\/wp-content\/uploads\/2020\/03\/wer_wir_sind.png","type":"image\/png"}],"twitter_card":"summary_large_image","twitter_misc":{"Gesch\u00e4tzte Lesezeit":"2\u00a0Minuten"},"schema":{"@context":"https:\/\/schema.org","@graph":[{"@type":"WebPage","@id":"https:\/\/suv4me.de\/index.php\/travivre-wir-erleben-reisen\/","url":"https:\/\/suv4me.de\/index.php\/travivre-wir-erleben-reisen\/","name":"Wer wir sind! - suv4me","isPartOf":{"@id":"https:\/\/suv4me.de\/#website"},"primaryImageOfPage":{"@id":"https:\/\/suv4me.de\/index.php\/travivre-wir-erleben-reisen\/#primaryimage"},"image":{"@id":"https:\/\/suv4me.de\/index.php\/travivre-wir-erleben-reisen\/#primaryimage"},"thumbnailUrl":"https:\/\/suv4me.de\/wp-content\/uploads\/2020\/03\/wer_wir_sind.png","datePublished":"2020-01-09T13:46:22+00:00","dateModified":"2020-05-25T10:23:52+00:00","description":"Sie wollte schon immer mal abseits der Stra\u00dfe mit ihrem SUV fahren? Besuchen sie unsere Webseite Suv4me und erfahren sie wer wir sind,","breadcrumb":{"@id":"https:\/\/suv4me.de\/index.php\/travivre-wir-erleben-reisen\/#breadcrumb"},"inLanguage":"de","potentialAction":[{"@type":"ReadAction","target":["https:\/\/suv4me.de\/index.php\/travivre-wir-erleben-reisen\/"]}]},{"@type":"ImageObject","inLanguage":"de","@id":"https:\/\/suv4me.de\/index.php\/travivre-wir-erleben-reisen\/#primaryimage","url":"https:\/\/suv4me.de\/wp-content\/uploads\/2020\/03\/wer_wir_sind.png","contentUrl":"https:\/\/suv4me.de\/wp-content\/uploads\/2020\/03\/wer_wir_sind.png","width":1920,"height":1280},{"@type":"BreadcrumbList","@id":"https:\/\/suv4me.de\/index.php\/travivre-wir-erleben-reisen\/#breadcrumb","itemListElement":[{"@type":"ListItem","position":1,"name":"Home","item":"https:\/\/suv4me.de\/"},{"@type":"ListItem","position":2,"name":"Wer wir sind!"}]},{"@type":"WebSite","@id":"https:\/\/suv4me.de\/#website","url":"https:\/\/suv4me.de\/","name":"suv4me","description":"SUV 4 Fun","publisher":{"@id":"https:\/\/suv4me.de\/#organization"},"potentialAction":[{"@type":"SearchAction","target":{"@type":"EntryPoint","urlTemplate":"https:\/\/suv4me.de\/?s={search_term_string}"},"query-input":{"@type":"PropertyValueSpecification","valueRequired":true,"valueName":"search_term_string"}}],"inLanguage":"de"},{"@type":"Organization","@id":"https:\/\/suv4me.de\/#organization","name":"suv4me","url":"https:\/\/suv4me.de\/","logo":{"@type":"ImageObject","inLanguage":"de","@id":"https:\/\/suv4me.de\/#\/schema\/logo\/image\/","url":"https:\/\/suv4me.de\/wp-content\/uploads\/2020\/01\/cropped-SUV_Logo-1.png","contentUrl":"https:\/\/suv4me.de\/wp-content\/uploads\/2020\/01\/cropped-SUV_Logo-1.png","width":1001,"height":571,"caption":"suv4me"},"image":{"@id":"https:\/\/suv4me.de\/#\/schema\/logo\/image\/"}}]}},"_links":{"self":[{"href":"https:\/\/suv4me.de\/index.php\/wp-json\/wp\/v2\/pages\/107","targetHints":{"allow":["GET"]}}],"collection":[{"href":"https:\/\/suv4me.de\/index.php\/wp-json\/wp\/v2\/pages"}],"about":[{"href":"https:\/\/suv4me.de\/index.php\/wp-json\/wp\/v2\/types\/page"}],"author":[{"embeddable":true,"href":"https:\/\/suv4me.de\/index.php\/wp-json\/wp\/v2\/users\/4"}],"replies":[{"embeddable":true,"href":"https:\/\/suv4me.de\/index.php\/wp-json\/wp\/v2\/comments?post=107"}],"version-history":[{"count":31,"href":"https:\/\/suv4me.de\/index.php\/wp-json\/wp\/v2\/pages\/107\/revisions"}],"predecessor-version":[{"id":1415,"href":"https:\/\/suv4me.de\/index.php\/wp-json\/wp\/v2\/pages\/107\/revisions\/1415"}],"wp:attachment":[{"href":"https:\/\/suv4me.de\/index.php\/wp-json\/wp\/v2\/media?parent=107"}],"curies":[{"name":"wp","href":"https:\/\/api.w.org\/{rel}","templated":true}]}}